{"id":38389,"date":"2023-01-26T13:36:41","date_gmt":"2023-01-26T11:36:41","guid":{"rendered":"https:\/\/rubi5.com\/?post_type=product&#038;p=38389"},"modified":"2025-07-22T17:23:26","modified_gmt":"2025-07-22T15:23:26","slug":"peto-para-penas","status":"publish","type":"product","link":"https:\/\/rubi5.com\/staging\/peto-para-penas\/","title":{"rendered":"Peto para pe\u00f1as"},"content":{"rendered":"<h2>TABLA DE TALLAS<\/h2>\n<table width=\"648\">\n<tbody>\n<tr>\n<td width=\"168\">TALLAS NI\u00d1OS:<\/td>\n<td width=\"80\">3<\/td>\n<td width=\"80\">4\/5<\/td>\n<td width=\"80\">6\/8<\/td>\n<td width=\"80\">10\/12<\/td>\n<td width=\"80\"><\/td>\n<td width=\"80\"><\/td>\n<\/tr>\n<tr>\n<td>LARGO PIERNA<\/td>\n<td>58cm<\/td>\n<td>69cm<\/td>\n<td>80cm<\/td>\n<td>91cm<\/td>\n<td><\/td>\n<td><\/td>\n<\/tr>\n<tr>\n<td>EQUIVALENCIA TALLAS<\/td>\n<td>25-26-27<\/td>\n<td>28-29-30<\/td>\n<td>31-32-33<\/td>\n<td>34-35-36<\/td>\n<td><\/td>\n<td><\/td>\n<\/tr>\n<tr>\n<td><\/td>\n<td><\/td>\n<td><\/td>\n<td><\/td>\n<td><\/td>\n<td><\/td>\n<td><\/td>\n<\/tr>\n<tr>\n<td>TALLAS ADULTOS:<\/td>\n<td>S<\/td>\n<td>M<\/td>\n<td>L<\/td>\n<td>XL<\/td>\n<td>2XL<\/td>\n<td>3XL<\/td>\n<\/tr>\n<tr>\n<td>LARGO PIERNA<\/td>\n<td>102cm<\/td>\n<td>105cm<\/td>\n<td>108cm<\/td>\n<td>111cm<\/td>\n<td>114cm<\/td>\n<td>117cm<\/td>\n<\/tr>\n<tr>\n<td>EQUIVALENCIA TALLAS<\/td>\n<td>\u00a037-38-39<\/td>\n<td>40-41-42<\/td>\n<td>43-44-45<\/td>\n<td>46-47-48<\/td>\n<td>49-50-51<\/td>\n<td>52-53-54<\/td>\n<\/tr>\n<\/tbody>\n<\/table>\n","protected":false},"excerpt":{"rendered":"<p>Pantal\u00f3n con peto de una sola pieza. Con cintura el\u00e1stica para una mayor comodidad, y un cierre de bot\u00f3n en uno de los laterales. La bragueta con cremallera est\u00e1 oculta bajo tapeta.<\/p>\n<p>Incluye un bolsillo central en el pecho con cremallera, dos amplios bolsillos laterales en cadera, y un bolsillo trasero. La parte superior dispone de unos tirantes de ajuste y enganches de pl\u00e1stico, para poder ajustarte la prenda a tu altura. Podr\u00e1s llevarlo subido o bajado, como te sea m\u00e1s c\u00f3modo.<\/p>\n<p>El peto de pe\u00f1as es un indispensable en las fiestas de los pueblos. Elige el color que m\u00e1s os guste y graba el nombre de tu pe\u00f1a, o el de cada uno de los integrantes de tu pe\u00f1a a lo largo de la pierna. \u00a1Ya est\u00e1s listo para disfrutar de las fiestas!<\/p>\n<p>&nbsp;<\/p>\n","protected":false},"featured_media":38391,"template":"","meta":{"_acf_changed":false},"product_brand":[],"product_cat":[388,907],"product_tag":[],"class_list":{"0":"post-38389","1":"product","2":"type-product","3":"status-publish","4":"has-post-thumbnail","6":"product_cat-ropa-para-penas","7":"product_cat-petos-para-penas","9":"first","10":"instock","11":"taxable","12":"shipping-taxable","13":"purchasable","14":"product-type-variable"},"acf":[],"_links":{"self":[{"href":"https:\/\/rubi5.com\/staging\/wp-json\/wp\/v2\/product\/38389","targetHints":{"allow":["GET"]}}],"collection":[{"href":"https:\/\/rubi5.com\/staging\/wp-json\/wp\/v2\/product"}],"about":[{"href":"https:\/\/rubi5.com\/staging\/wp-json\/wp\/v2\/types\/product"}],"version-history":[{"count":5,"href":"https:\/\/rubi5.com\/staging\/wp-json\/wp\/v2\/product\/38389\/revisions"}],"predecessor-version":[{"id":65043,"href":"https:\/\/rubi5.com\/staging\/wp-json\/wp\/v2\/product\/38389\/revisions\/65043"}],"wp:featuredmedia":[{"embeddable":true,"href":"https:\/\/rubi5.com\/staging\/wp-json\/wp\/v2\/media\/38391"}],"wp:attachment":[{"href":"https:\/\/rubi5.com\/staging\/wp-json\/wp\/v2\/media?parent=38389"}],"wp:term":[{"taxonomy":"product_brand","embeddable":true,"href":"https:\/\/rubi5.com\/staging\/wp-json\/wp\/v2\/product_brand?post=38389"},{"taxonomy":"product_cat","embeddable":true,"href":"https:\/\/rubi5.com\/staging\/wp-json\/wp\/v2\/product_cat?post=38389"},{"taxonomy":"product_tag","embeddable":true,"href":"https:\/\/rubi5.com\/staging\/wp-json\/wp\/v2\/product_tag?post=38389"}],"curies":[{"name":"wp","href":"https:\/\/api.w.org\/{rel}","templated":true}]}}