{"id":38699,"date":"2023-02-09T11:25:40","date_gmt":"2023-02-09T09:25:40","guid":{"rendered":"https:\/\/rubi5.com\/?post_type=product&#038;p=38699"},"modified":"2026-01-22T04:35:13","modified_gmt":"2026-01-22T02:35:13","slug":"set-boligrafo-y-roller-de-antonio-miro","status":"publish","type":"product","link":"https:\/\/rubi5.com\/staging\/set-boligrafo-y-roller-de-antonio-miro\/","title":{"rendered":"Set bol\u00edgrafo y roller de Antonio Mir\u00f3"},"content":{"rendered":"","protected":false},"excerpt":{"rendered":"<p>Set de bol\u00edgrafo de Antonio Mir\u00f3 con roller.\u00a0 Presentado en elegante estuche individual en color negro con logotipo de la marca y funda. En tinta azul.<\/p>\n<p>Ambos bol\u00edgrafos son de cuerpo met\u00e1lico en acabado negro brillante con clip plateado. El bol\u00edgrafo es de mecanismo giratorio y el roller con capucha.<\/p>\n<p>Un set de escritura personalizado es un regalo elegante, ideal para los clientes m\u00e1s fieles. Un bol\u00edgrafo personalizado con el logo de tu empresa es ya un buen detalle, pero si le sumas un roller personalizado tambi\u00e9n con tu marca, sorprender\u00e1s mucho m\u00e1s a tus compradores.<\/p>\n","protected":false},"featured_media":62894,"template":"","meta":{"_acf_changed":false},"product_brand":[],"product_cat":[322,317,43],"product_tag":[],"class_list":{"0":"post-38699","1":"product","2":"type-product","3":"status-publish","4":"has-post-thumbnail","6":"product_cat-sets-de-escritura","7":"product_cat-boligrafos-personalizados","8":"product_cat-escritura","9":"pa_marcas-antonio-miro","11":"first","12":"instock","13":"taxable","14":"shipping-taxable","15":"purchasable","16":"product-type-variable"},"acf":[],"_links":{"self":[{"href":"https:\/\/rubi5.com\/staging\/wp-json\/wp\/v2\/product\/38699","targetHints":{"allow":["GET"]}}],"collection":[{"href":"https:\/\/rubi5.com\/staging\/wp-json\/wp\/v2\/product"}],"about":[{"href":"https:\/\/rubi5.com\/staging\/wp-json\/wp\/v2\/types\/product"}],"version-history":[{"count":3,"href":"https:\/\/rubi5.com\/staging\/wp-json\/wp\/v2\/product\/38699\/revisions"}],"predecessor-version":[{"id":38704,"href":"https:\/\/rubi5.com\/staging\/wp-json\/wp\/v2\/product\/38699\/revisions\/38704"}],"wp:featuredmedia":[{"embeddable":true,"href":"https:\/\/rubi5.com\/staging\/wp-json\/wp\/v2\/media\/62894"}],"wp:attachment":[{"href":"https:\/\/rubi5.com\/staging\/wp-json\/wp\/v2\/media?parent=38699"}],"wp:term":[{"taxonomy":"product_brand","embeddable":true,"href":"https:\/\/rubi5.com\/staging\/wp-json\/wp\/v2\/product_brand?post=38699"},{"taxonomy":"product_cat","embeddable":true,"href":"https:\/\/rubi5.com\/staging\/wp-json\/wp\/v2\/product_cat?post=38699"},{"taxonomy":"product_tag","embeddable":true,"href":"https:\/\/rubi5.com\/staging\/wp-json\/wp\/v2\/product_tag?post=38699"}],"curies":[{"name":"wp","href":"https:\/\/api.w.org\/{rel}","templated":true}]}}