{"id":38705,"date":"2023-02-09T11:36:45","date_gmt":"2023-02-09T09:36:45","guid":{"rendered":"https:\/\/rubi5.com\/?post_type=product&#038;p=38705"},"modified":"2026-01-22T04:35:13","modified_gmt":"2026-01-22T02:35:13","slug":"termo-thomson-de-antonio-miro","status":"publish","type":"product","link":"https:\/\/rubi5.com\/staging\/termo-thomson-de-antonio-miro\/","title":{"rendered":"Termo Thomson de Antonio Mir\u00f3"},"content":{"rendered":"","protected":false},"excerpt":{"rendered":"<p>Termo en acero inox de Antonio Mir\u00f3. De 500ml de capacidad y con doble pared para mejor y m\u00e1s duradera conservaci\u00f3n de la temperatura. En negro satinado, logotipo de la marca en la base y con tap\u00f3n cromado a rosca. Presentado en atractiva caja de dise\u00f1o con logotipo de la marca.<\/p>\n","protected":false},"featured_media":38706,"template":"","meta":{"_acf_changed":false},"product_brand":[],"product_cat":[236,233,30],"product_tag":[],"class_list":{"0":"post-38705","1":"product","2":"type-product","3":"status-publish","4":"has-post-thumbnail","6":"product_cat-termos-personalizados","7":"product_cat-botellas-personalizadas","8":"product_cat-tazas-y-botellas","9":"pa_marcas-antonio-miro","11":"first","12":"instock","13":"taxable","14":"shipping-taxable","15":"purchasable","16":"product-type-variable","17":"has-default-attributes"},"acf":[],"_links":{"self":[{"href":"https:\/\/rubi5.com\/staging\/wp-json\/wp\/v2\/product\/38705","targetHints":{"allow":["GET"]}}],"collection":[{"href":"https:\/\/rubi5.com\/staging\/wp-json\/wp\/v2\/product"}],"about":[{"href":"https:\/\/rubi5.com\/staging\/wp-json\/wp\/v2\/types\/product"}],"version-history":[{"count":1,"href":"https:\/\/rubi5.com\/staging\/wp-json\/wp\/v2\/product\/38705\/revisions"}],"predecessor-version":[{"id":38709,"href":"https:\/\/rubi5.com\/staging\/wp-json\/wp\/v2\/product\/38705\/revisions\/38709"}],"wp:featuredmedia":[{"embeddable":true,"href":"https:\/\/rubi5.com\/staging\/wp-json\/wp\/v2\/media\/38706"}],"wp:attachment":[{"href":"https:\/\/rubi5.com\/staging\/wp-json\/wp\/v2\/media?parent=38705"}],"wp:term":[{"taxonomy":"product_brand","embeddable":true,"href":"https:\/\/rubi5.com\/staging\/wp-json\/wp\/v2\/product_brand?post=38705"},{"taxonomy":"product_cat","embeddable":true,"href":"https:\/\/rubi5.com\/staging\/wp-json\/wp\/v2\/product_cat?post=38705"},{"taxonomy":"product_tag","embeddable":true,"href":"https:\/\/rubi5.com\/staging\/wp-json\/wp\/v2\/product_tag?post=38705"}],"curies":[{"name":"wp","href":"https:\/\/api.w.org\/{rel}","templated":true}]}}