{"id":38710,"date":"2023-02-09T14:00:05","date_gmt":"2023-02-09T12:00:05","guid":{"rendered":"https:\/\/rubi5.com\/?post_type=product&#038;p=38710"},"modified":"2026-01-22T04:35:13","modified_gmt":"2026-01-22T02:35:13","slug":"boligrafo-puntero-yago-de-antonio-miro","status":"publish","type":"product","link":"https:\/\/rubi5.com\/staging\/boligrafo-puntero-yago-de-antonio-miro\/","title":{"rendered":"Bol\u00edgrafo puntero Yago de Antonio Mir\u00f3"},"content":{"rendered":"","protected":false},"excerpt":{"rendered":"<p>Bol\u00edgrafo puntero de Antonio Mir\u00f3 de mecanismo giratorio con suave cuerpo met\u00e1lico, de elegante combinaci\u00f3n de colores en plateado y negro. Clip y punta de dise\u00f1o a juego. Presentado en estuche individual negro con logotipo de la marca. Tinta azul.<\/p>\n","protected":false},"featured_media":62215,"template":"","meta":{"_acf_changed":false},"product_brand":[],"product_cat":[321,317,43],"product_tag":[],"class_list":{"0":"post-38710","1":"product","2":"type-product","3":"status-publish","4":"has-post-thumbnail","6":"product_cat-boligrafos-de-lujo","7":"product_cat-boligrafos-personalizados","8":"product_cat-escritura","9":"pa_marcas-antonio-miro","11":"first","12":"instock","13":"taxable","14":"shipping-taxable","15":"purchasable","16":"product-type-variable","17":"has-default-attributes"},"acf":[],"_links":{"self":[{"href":"https:\/\/rubi5.com\/staging\/wp-json\/wp\/v2\/product\/38710","targetHints":{"allow":["GET"]}}],"collection":[{"href":"https:\/\/rubi5.com\/staging\/wp-json\/wp\/v2\/product"}],"about":[{"href":"https:\/\/rubi5.com\/staging\/wp-json\/wp\/v2\/types\/product"}],"version-history":[{"count":1,"href":"https:\/\/rubi5.com\/staging\/wp-json\/wp\/v2\/product\/38710\/revisions"}],"predecessor-version":[{"id":38716,"href":"https:\/\/rubi5.com\/staging\/wp-json\/wp\/v2\/product\/38710\/revisions\/38716"}],"wp:featuredmedia":[{"embeddable":true,"href":"https:\/\/rubi5.com\/staging\/wp-json\/wp\/v2\/media\/62215"}],"wp:attachment":[{"href":"https:\/\/rubi5.com\/staging\/wp-json\/wp\/v2\/media?parent=38710"}],"wp:term":[{"taxonomy":"product_brand","embeddable":true,"href":"https:\/\/rubi5.com\/staging\/wp-json\/wp\/v2\/product_brand?post=38710"},{"taxonomy":"product_cat","embeddable":true,"href":"https:\/\/rubi5.com\/staging\/wp-json\/wp\/v2\/product_cat?post=38710"},{"taxonomy":"product_tag","embeddable":true,"href":"https:\/\/rubi5.com\/staging\/wp-json\/wp\/v2\/product_tag?post=38710"}],"curies":[{"name":"wp","href":"https:\/\/api.w.org\/{rel}","templated":true}]}}