{"id":38744,"date":"2023-02-13T12:50:59","date_gmt":"2023-02-13T10:50:59","guid":{"rendered":"https:\/\/rubi5.com\/?post_type=product&#038;p=38744"},"modified":"2024-03-01T13:49:30","modified_gmt":"2024-03-01T11:49:30","slug":"llavero-gota-antiestres","status":"publish","type":"product","link":"https:\/\/rubi5.com\/staging\/llavero-gota-antiestres\/","title":{"rendered":"Llavero Gota Antiestr\u00e9s"},"content":{"rendered":"","protected":false},"excerpt":{"rendered":"<p>Llavero antiestr\u00e9s en forma de gota de poliuretano-espuma (PU).<\/p>\n<p>Las pelotas antiestr\u00e9s un regalo pensado en desestresar a tus clientes y empleados. Esta gota antiestr\u00e9s es muy pr\u00e1ctica en el trabajo, pero tambi\u00e9n fuera de \u00e9l. Con este llavero personalizado, podr\u00e1s guardarlo con las llaves o en tu malet\u00edn de trabajo, y cada vez que te sientas estresado y sobrepasado por el trabajo, agarra esta gota antiestr\u00e9s y apri\u00e9tala cuanto quieras.<\/p>\n<p>La clave est\u00e1 en personalizarlo con tu logo y tendr\u00e1s un merchandising ideal para promocionar tu marca en farmacias, hospitales o congresos m\u00e9dicos.<\/p>\n","protected":false},"featured_media":57901,"template":"","meta":{"_acf_changed":false},"product_brand":[],"product_cat":[382,187],"product_tag":[],"class_list":{"0":"post-38744","1":"product","2":"type-product","3":"status-publish","4":"has-post-thumbnail","6":"product_cat-pelotas-antiestres","7":"product_cat-salud-y-bienestar","9":"first","10":"instock","11":"taxable","12":"shipping-taxable","13":"purchasable","14":"product-type-variable"},"acf":[],"_links":{"self":[{"href":"https:\/\/rubi5.com\/staging\/wp-json\/wp\/v2\/product\/38744","targetHints":{"allow":["GET"]}}],"collection":[{"href":"https:\/\/rubi5.com\/staging\/wp-json\/wp\/v2\/product"}],"about":[{"href":"https:\/\/rubi5.com\/staging\/wp-json\/wp\/v2\/types\/product"}],"version-history":[{"count":6,"href":"https:\/\/rubi5.com\/staging\/wp-json\/wp\/v2\/product\/38744\/revisions"}],"predecessor-version":[{"id":56467,"href":"https:\/\/rubi5.com\/staging\/wp-json\/wp\/v2\/product\/38744\/revisions\/56467"}],"wp:featuredmedia":[{"embeddable":true,"href":"https:\/\/rubi5.com\/staging\/wp-json\/wp\/v2\/media\/57901"}],"wp:attachment":[{"href":"https:\/\/rubi5.com\/staging\/wp-json\/wp\/v2\/media?parent=38744"}],"wp:term":[{"taxonomy":"product_brand","embeddable":true,"href":"https:\/\/rubi5.com\/staging\/wp-json\/wp\/v2\/product_brand?post=38744"},{"taxonomy":"product_cat","embeddable":true,"href":"https:\/\/rubi5.com\/staging\/wp-json\/wp\/v2\/product_cat?post=38744"},{"taxonomy":"product_tag","embeddable":true,"href":"https:\/\/rubi5.com\/staging\/wp-json\/wp\/v2\/product_tag?post=38744"}],"curies":[{"name":"wp","href":"https:\/\/api.w.org\/{rel}","templated":true}]}}