{"id":39149,"date":"2023-02-21T14:06:25","date_gmt":"2023-02-21T12:06:25","guid":{"rendered":"https:\/\/rubi5.com\/?post_type=product&#038;p=39149"},"modified":"2025-02-05T11:21:26","modified_gmt":"2025-02-05T09:21:26","slug":"trofeo-clasico-wind","status":"publish","type":"product","link":"https:\/\/rubi5.com\/staging\/trofeo-clasico-wind\/","title":{"rendered":"Trofeo cl\u00e1sico Wind"},"content":{"rendered":"","protected":false},"excerpt":{"rendered":"<p>Este elegante trofeo, con su dise\u00f1o contempor\u00e1neo y acabados met\u00e1licos de alta calidad, es el premio perfecto para cualquier competici\u00f3n o evento destacado. Su forma estilizada y su combinaci\u00f3n de tonos plateados y azules transmiten una sensaci\u00f3n de dinamismo y modernidad.<\/p>\n","protected":false},"featured_media":38879,"template":"","meta":{"_acf_changed":false},"product_brand":[],"product_cat":[918,868,142],"product_tag":[],"class_list":{"0":"post-39149","1":"product","2":"type-product","3":"status-publish","4":"has-post-thumbnail","6":"product_cat-copas-trofeo","7":"product_cat-trofeos-personalizados","8":"product_cat-trofeos-y-medallas","10":"first","11":"instock","12":"taxable","13":"shipping-taxable","14":"product-type-external"},"acf":[],"_links":{"self":[{"href":"https:\/\/rubi5.com\/staging\/wp-json\/wp\/v2\/product\/39149","targetHints":{"allow":["GET"]}}],"collection":[{"href":"https:\/\/rubi5.com\/staging\/wp-json\/wp\/v2\/product"}],"about":[{"href":"https:\/\/rubi5.com\/staging\/wp-json\/wp\/v2\/types\/product"}],"version-history":[{"count":3,"href":"https:\/\/rubi5.com\/staging\/wp-json\/wp\/v2\/product\/39149\/revisions"}],"predecessor-version":[{"id":62788,"href":"https:\/\/rubi5.com\/staging\/wp-json\/wp\/v2\/product\/39149\/revisions\/62788"}],"wp:featuredmedia":[{"embeddable":true,"href":"https:\/\/rubi5.com\/staging\/wp-json\/wp\/v2\/media\/38879"}],"wp:attachment":[{"href":"https:\/\/rubi5.com\/staging\/wp-json\/wp\/v2\/media?parent=39149"}],"wp:term":[{"taxonomy":"product_brand","embeddable":true,"href":"https:\/\/rubi5.com\/staging\/wp-json\/wp\/v2\/product_brand?post=39149"},{"taxonomy":"product_cat","embeddable":true,"href":"https:\/\/rubi5.com\/staging\/wp-json\/wp\/v2\/product_cat?post=39149"},{"taxonomy":"product_tag","embeddable":true,"href":"https:\/\/rubi5.com\/staging\/wp-json\/wp\/v2\/product_tag?post=39149"}],"curies":[{"name":"wp","href":"https:\/\/api.w.org\/{rel}","templated":true}]}}