{"id":39160,"date":"2023-02-21T14:06:30","date_gmt":"2023-02-21T12:06:30","guid":{"rendered":"https:\/\/rubi5.com\/?post_type=product&#038;p=39160"},"modified":"2025-02-05T11:20:18","modified_gmt":"2025-02-05T09:20:18","slug":"trofeo-clasico-flow","status":"publish","type":"product","link":"https:\/\/rubi5.com\/staging\/trofeo-clasico-flow\/","title":{"rendered":"Trofeo cl\u00e1sico Flow"},"content":{"rendered":"","protected":false},"excerpt":{"rendered":"<p>Este trofeo de copa ornamental destaca por su dise\u00f1o elegante y majestuoso, ideal para reconocer los logros m\u00e1s sobresalientes. La copa ancha con bordes ondulados y su acabado plateado brillante le confieren un aire de sofisticaci\u00f3n.<\/p>\n","protected":false},"featured_media":38882,"template":"","meta":{"_acf_changed":false},"product_brand":[],"product_cat":[918,868,142],"product_tag":[],"class_list":{"0":"post-39160","1":"product","2":"type-product","3":"status-publish","4":"has-post-thumbnail","6":"product_cat-copas-trofeo","7":"product_cat-trofeos-personalizados","8":"product_cat-trofeos-y-medallas","10":"first","11":"instock","12":"taxable","13":"shipping-taxable","14":"product-type-external"},"acf":[],"_links":{"self":[{"href":"https:\/\/rubi5.com\/staging\/wp-json\/wp\/v2\/product\/39160","targetHints":{"allow":["GET"]}}],"collection":[{"href":"https:\/\/rubi5.com\/staging\/wp-json\/wp\/v2\/product"}],"about":[{"href":"https:\/\/rubi5.com\/staging\/wp-json\/wp\/v2\/types\/product"}],"version-history":[{"count":3,"href":"https:\/\/rubi5.com\/staging\/wp-json\/wp\/v2\/product\/39160\/revisions"}],"predecessor-version":[{"id":62784,"href":"https:\/\/rubi5.com\/staging\/wp-json\/wp\/v2\/product\/39160\/revisions\/62784"}],"wp:featuredmedia":[{"embeddable":true,"href":"https:\/\/rubi5.com\/staging\/wp-json\/wp\/v2\/media\/38882"}],"wp:attachment":[{"href":"https:\/\/rubi5.com\/staging\/wp-json\/wp\/v2\/media?parent=39160"}],"wp:term":[{"taxonomy":"product_brand","embeddable":true,"href":"https:\/\/rubi5.com\/staging\/wp-json\/wp\/v2\/product_brand?post=39160"},{"taxonomy":"product_cat","embeddable":true,"href":"https:\/\/rubi5.com\/staging\/wp-json\/wp\/v2\/product_cat?post=39160"},{"taxonomy":"product_tag","embeddable":true,"href":"https:\/\/rubi5.com\/staging\/wp-json\/wp\/v2\/product_tag?post=39160"}],"curies":[{"name":"wp","href":"https:\/\/api.w.org\/{rel}","templated":true}]}}