{"id":39163,"date":"2023-02-21T14:06:30","date_gmt":"2023-02-21T12:06:30","guid":{"rendered":"https:\/\/rubi5.com\/?post_type=product&#038;p=39163"},"modified":"2025-02-05T11:21:20","modified_gmt":"2025-02-05T09:21:20","slug":"trofeo-clasico-nirvana","status":"publish","type":"product","link":"https:\/\/rubi5.com\/staging\/trofeo-clasico-nirvana\/","title":{"rendered":"Trofeo cl\u00e1sico Nirvana"},"content":{"rendered":"","protected":false},"excerpt":{"rendered":"<p>Este trofeo de copa cl\u00e1sica destaca por su dise\u00f1o atemporal y refinado. Con una copa de bordes ondulados y un acabado plateado brillante, es perfecto para honrar los logros m\u00e1s destacados.<\/p>\n","protected":false},"featured_media":38887,"template":"","meta":{"_acf_changed":false},"product_brand":[],"product_cat":[919,868,142],"product_tag":[],"class_list":{"0":"post-39163","1":"product","2":"type-product","3":"status-publish","4":"has-post-thumbnail","6":"product_cat-trofeos-baratos-personalizados","7":"product_cat-trofeos-personalizados","8":"product_cat-trofeos-y-medallas","10":"first","11":"instock","12":"taxable","13":"shipping-taxable","14":"product-type-external"},"acf":[],"_links":{"self":[{"href":"https:\/\/rubi5.com\/staging\/wp-json\/wp\/v2\/product\/39163","targetHints":{"allow":["GET"]}}],"collection":[{"href":"https:\/\/rubi5.com\/staging\/wp-json\/wp\/v2\/product"}],"about":[{"href":"https:\/\/rubi5.com\/staging\/wp-json\/wp\/v2\/types\/product"}],"version-history":[{"count":3,"href":"https:\/\/rubi5.com\/staging\/wp-json\/wp\/v2\/product\/39163\/revisions"}],"predecessor-version":[{"id":62778,"href":"https:\/\/rubi5.com\/staging\/wp-json\/wp\/v2\/product\/39163\/revisions\/62778"}],"wp:featuredmedia":[{"embeddable":true,"href":"https:\/\/rubi5.com\/staging\/wp-json\/wp\/v2\/media\/38887"}],"wp:attachment":[{"href":"https:\/\/rubi5.com\/staging\/wp-json\/wp\/v2\/media?parent=39163"}],"wp:term":[{"taxonomy":"product_brand","embeddable":true,"href":"https:\/\/rubi5.com\/staging\/wp-json\/wp\/v2\/product_brand?post=39163"},{"taxonomy":"product_cat","embeddable":true,"href":"https:\/\/rubi5.com\/staging\/wp-json\/wp\/v2\/product_cat?post=39163"},{"taxonomy":"product_tag","embeddable":true,"href":"https:\/\/rubi5.com\/staging\/wp-json\/wp\/v2\/product_tag?post=39163"}],"curies":[{"name":"wp","href":"https:\/\/api.w.org\/{rel}","templated":true}]}}