{"id":39164,"date":"2023-02-21T14:06:30","date_gmt":"2023-02-21T12:06:30","guid":{"rendered":"https:\/\/rubi5.com\/?post_type=product&#038;p=39164"},"modified":"2025-02-05T11:21:23","modified_gmt":"2025-02-05T09:21:23","slug":"trofeo-clasico-napoles","status":"publish","type":"product","link":"https:\/\/rubi5.com\/staging\/trofeo-clasico-napoles\/","title":{"rendered":"Trofeo cl\u00e1sico N\u00e1poles"},"content":{"rendered":"","protected":false},"excerpt":{"rendered":"<p>\ud83c\udfc6 Este trofeo es perfecto para galardonar los logros m\u00e1s significativos, su dise\u00f1o sofisticado y su base robusta de m\u00e1rmol negro aseguran que cada premiaci\u00f3n sea memorable.<\/p>\n","protected":false},"featured_media":38886,"template":"","meta":{"_acf_changed":false},"product_brand":[],"product_cat":[919,868,142],"product_tag":[],"class_list":{"0":"post-39164","1":"product","2":"type-product","3":"status-publish","4":"has-post-thumbnail","6":"product_cat-trofeos-baratos-personalizados","7":"product_cat-trofeos-personalizados","8":"product_cat-trofeos-y-medallas","10":"first","11":"instock","12":"taxable","13":"shipping-taxable","14":"product-type-external"},"acf":[],"_links":{"self":[{"href":"https:\/\/rubi5.com\/staging\/wp-json\/wp\/v2\/product\/39164","targetHints":{"allow":["GET"]}}],"collection":[{"href":"https:\/\/rubi5.com\/staging\/wp-json\/wp\/v2\/product"}],"about":[{"href":"https:\/\/rubi5.com\/staging\/wp-json\/wp\/v2\/types\/product"}],"version-history":[{"count":3,"href":"https:\/\/rubi5.com\/staging\/wp-json\/wp\/v2\/product\/39164\/revisions"}],"predecessor-version":[{"id":62776,"href":"https:\/\/rubi5.com\/staging\/wp-json\/wp\/v2\/product\/39164\/revisions\/62776"}],"wp:featuredmedia":[{"embeddable":true,"href":"https:\/\/rubi5.com\/staging\/wp-json\/wp\/v2\/media\/38886"}],"wp:attachment":[{"href":"https:\/\/rubi5.com\/staging\/wp-json\/wp\/v2\/media?parent=39164"}],"wp:term":[{"taxonomy":"product_brand","embeddable":true,"href":"https:\/\/rubi5.com\/staging\/wp-json\/wp\/v2\/product_brand?post=39164"},{"taxonomy":"product_cat","embeddable":true,"href":"https:\/\/rubi5.com\/staging\/wp-json\/wp\/v2\/product_cat?post=39164"},{"taxonomy":"product_tag","embeddable":true,"href":"https:\/\/rubi5.com\/staging\/wp-json\/wp\/v2\/product_tag?post=39164"}],"curies":[{"name":"wp","href":"https:\/\/api.w.org\/{rel}","templated":true}]}}