{"id":39184,"date":"2023-02-21T14:06:39","date_gmt":"2023-02-21T12:06:39","guid":{"rendered":"https:\/\/rubi5.com\/?post_type=product&#038;p=39184"},"modified":"2025-02-05T11:20:25","modified_gmt":"2025-02-05T09:20:25","slug":"trofeo-de-participacion-olympic","status":"publish","type":"product","link":"https:\/\/rubi5.com\/staging\/trofeo-de-participacion-olympic\/","title":{"rendered":"Trofeo  de participaci\u00f3n Olympic"},"content":{"rendered":"","protected":false},"excerpt":{"rendered":"<p>Este elegante trofeo es el reconocimiento perfecto para quienes dan su mejor esfuerzo. Con un dise\u00f1o cl\u00e1sico y sofisticado, el Trofeo Olympic no solo es un s\u00edmbolo de participaci\u00f3n, sino tambi\u00e9n de dedicaci\u00f3n y esp\u00edritu deportivo.<\/p>\n","protected":false},"featured_media":38868,"template":"","meta":{"_acf_changed":false},"product_brand":[],"product_cat":[142,919,868],"product_tag":[],"class_list":{"0":"post-39184","1":"product","2":"type-product","3":"status-publish","4":"has-post-thumbnail","6":"product_cat-trofeos-y-medallas","7":"product_cat-trofeos-baratos-personalizados","8":"product_cat-trofeos-personalizados","10":"first","11":"instock","12":"taxable","13":"shipping-taxable","14":"product-type-external"},"acf":[],"_links":{"self":[{"href":"https:\/\/rubi5.com\/staging\/wp-json\/wp\/v2\/product\/39184","targetHints":{"allow":["GET"]}}],"collection":[{"href":"https:\/\/rubi5.com\/staging\/wp-json\/wp\/v2\/product"}],"about":[{"href":"https:\/\/rubi5.com\/staging\/wp-json\/wp\/v2\/types\/product"}],"version-history":[{"count":3,"href":"https:\/\/rubi5.com\/staging\/wp-json\/wp\/v2\/product\/39184\/revisions"}],"predecessor-version":[{"id":62756,"href":"https:\/\/rubi5.com\/staging\/wp-json\/wp\/v2\/product\/39184\/revisions\/62756"}],"wp:featuredmedia":[{"embeddable":true,"href":"https:\/\/rubi5.com\/staging\/wp-json\/wp\/v2\/media\/38868"}],"wp:attachment":[{"href":"https:\/\/rubi5.com\/staging\/wp-json\/wp\/v2\/media?parent=39184"}],"wp:term":[{"taxonomy":"product_brand","embeddable":true,"href":"https:\/\/rubi5.com\/staging\/wp-json\/wp\/v2\/product_brand?post=39184"},{"taxonomy":"product_cat","embeddable":true,"href":"https:\/\/rubi5.com\/staging\/wp-json\/wp\/v2\/product_cat?post=39184"},{"taxonomy":"product_tag","embeddable":true,"href":"https:\/\/rubi5.com\/staging\/wp-json\/wp\/v2\/product_tag?post=39184"}],"curies":[{"name":"wp","href":"https:\/\/api.w.org\/{rel}","templated":true}]}}