{"id":39185,"date":"2023-02-21T14:06:39","date_gmt":"2023-02-21T12:06:39","guid":{"rendered":"https:\/\/rubi5.com\/?post_type=product&#038;p=39185"},"modified":"2025-02-05T11:20:21","modified_gmt":"2025-02-05T09:20:21","slug":"trofeo-de-participacion-thunder","status":"publish","type":"product","link":"https:\/\/rubi5.com\/staging\/trofeo-de-participacion-thunder\/","title":{"rendered":"Trofeo de participaci\u00f3n Thunder"},"content":{"rendered":"","protected":false},"excerpt":{"rendered":"<p>\ud83c\udfc6 Este trofeo, con su acabado plateado y dise\u00f1o envolvente, es perfecto para premiar los logros m\u00e1s destacados. Su estructura estilizada y detalles grabados en relieve le otorgan un aire de sofisticaci\u00f3n y prestigio.<\/p>\n","protected":false},"featured_media":38869,"template":"","meta":{"_acf_changed":false},"product_brand":[],"product_cat":[142,919,868],"product_tag":[],"class_list":{"0":"post-39185","1":"product","2":"type-product","3":"status-publish","4":"has-post-thumbnail","6":"product_cat-trofeos-y-medallas","7":"product_cat-trofeos-baratos-personalizados","8":"product_cat-trofeos-personalizados","10":"first","11":"instock","12":"taxable","13":"shipping-taxable","14":"product-type-external"},"acf":[],"_links":{"self":[{"href":"https:\/\/rubi5.com\/staging\/wp-json\/wp\/v2\/product\/39185","targetHints":{"allow":["GET"]}}],"collection":[{"href":"https:\/\/rubi5.com\/staging\/wp-json\/wp\/v2\/product"}],"about":[{"href":"https:\/\/rubi5.com\/staging\/wp-json\/wp\/v2\/types\/product"}],"version-history":[{"count":3,"href":"https:\/\/rubi5.com\/staging\/wp-json\/wp\/v2\/product\/39185\/revisions"}],"predecessor-version":[{"id":62774,"href":"https:\/\/rubi5.com\/staging\/wp-json\/wp\/v2\/product\/39185\/revisions\/62774"}],"wp:featuredmedia":[{"embeddable":true,"href":"https:\/\/rubi5.com\/staging\/wp-json\/wp\/v2\/media\/38869"}],"wp:attachment":[{"href":"https:\/\/rubi5.com\/staging\/wp-json\/wp\/v2\/media?parent=39185"}],"wp:term":[{"taxonomy":"product_brand","embeddable":true,"href":"https:\/\/rubi5.com\/staging\/wp-json\/wp\/v2\/product_brand?post=39185"},{"taxonomy":"product_cat","embeddable":true,"href":"https:\/\/rubi5.com\/staging\/wp-json\/wp\/v2\/product_cat?post=39185"},{"taxonomy":"product_tag","embeddable":true,"href":"https:\/\/rubi5.com\/staging\/wp-json\/wp\/v2\/product_tag?post=39185"}],"curies":[{"name":"wp","href":"https:\/\/api.w.org\/{rel}","templated":true}]}}