{"id":39210,"date":"2023-02-21T14:06:50","date_gmt":"2023-02-21T12:06:50","guid":{"rendered":"https:\/\/rubi5.com\/?post_type=product&#038;p=39210"},"modified":"2025-02-05T11:18:33","modified_gmt":"2025-02-05T09:18:33","slug":"trofeo-taurino","status":"publish","type":"product","link":"https:\/\/rubi5.com\/staging\/trofeo-taurino\/","title":{"rendered":"Trofeo Taurino"},"content":{"rendered":"","protected":false},"excerpt":{"rendered":"<p>Este majestuoso trofeo, con una detallada figura de toro en una base de madera elegante, es el galard\u00f3n perfecto para eventos taurinos que celebran la valent\u00eda y el esp\u00edritu indomable.<\/p>\n","protected":false},"featured_media":39371,"template":"","meta":{"_acf_changed":false},"product_brand":[],"product_cat":[917,868,142],"product_tag":[],"class_list":{"0":"post-39210","1":"product","2":"type-product","3":"status-publish","4":"has-post-thumbnail","6":"product_cat-trofeos-deportivos-personalizados","7":"product_cat-trofeos-personalizados","8":"product_cat-trofeos-y-medallas","10":"first","11":"instock","12":"taxable","13":"shipping-taxable","14":"product-type-external"},"acf":[],"_links":{"self":[{"href":"https:\/\/rubi5.com\/staging\/wp-json\/wp\/v2\/product\/39210","targetHints":{"allow":["GET"]}}],"collection":[{"href":"https:\/\/rubi5.com\/staging\/wp-json\/wp\/v2\/product"}],"about":[{"href":"https:\/\/rubi5.com\/staging\/wp-json\/wp\/v2\/types\/product"}],"version-history":[{"count":3,"href":"https:\/\/rubi5.com\/staging\/wp-json\/wp\/v2\/product\/39210\/revisions"}],"predecessor-version":[{"id":62763,"href":"https:\/\/rubi5.com\/staging\/wp-json\/wp\/v2\/product\/39210\/revisions\/62763"}],"wp:featuredmedia":[{"embeddable":true,"href":"https:\/\/rubi5.com\/staging\/wp-json\/wp\/v2\/media\/39371"}],"wp:attachment":[{"href":"https:\/\/rubi5.com\/staging\/wp-json\/wp\/v2\/media?parent=39210"}],"wp:term":[{"taxonomy":"product_brand","embeddable":true,"href":"https:\/\/rubi5.com\/staging\/wp-json\/wp\/v2\/product_brand?post=39210"},{"taxonomy":"product_cat","embeddable":true,"href":"https:\/\/rubi5.com\/staging\/wp-json\/wp\/v2\/product_cat?post=39210"},{"taxonomy":"product_tag","embeddable":true,"href":"https:\/\/rubi5.com\/staging\/wp-json\/wp\/v2\/product_tag?post=39210"}],"curies":[{"name":"wp","href":"https:\/\/api.w.org\/{rel}","templated":true}]}}