{"id":39212,"date":"2023-02-21T14:06:51","date_gmt":"2023-02-21T12:06:51","guid":{"rendered":"https:\/\/rubi5.com\/?post_type=product&#038;p=39212"},"modified":"2025-02-05T11:18:18","modified_gmt":"2025-02-05T09:18:18","slug":"trofeo-deportivo-hipica","status":"publish","type":"product","link":"https:\/\/rubi5.com\/staging\/trofeo-deportivo-hipica\/","title":{"rendered":"Trofeo deportivo H\u00edpica"},"content":{"rendered":"","protected":false},"excerpt":{"rendered":"<p>Captura la majestuosidad y elegancia de la equitaci\u00f3n. El trofeo deportivo h\u00edpica tiene un dise\u00f1o detallado que destaca un caballo en pleno trote, adornado con toques dorados y una base robusta, es el reconocimiento perfecto para cualquier competici\u00f3n ecuestre.<\/p>\n","protected":false},"featured_media":38894,"template":"","meta":{"_acf_changed":false},"product_brand":[],"product_cat":[142,917,868],"product_tag":[],"class_list":{"0":"post-39212","1":"product","2":"type-product","3":"status-publish","4":"has-post-thumbnail","6":"product_cat-trofeos-y-medallas","7":"product_cat-trofeos-deportivos-personalizados","8":"product_cat-trofeos-personalizados","10":"first","11":"instock","12":"taxable","13":"shipping-taxable","14":"product-type-external"},"acf":[],"_links":{"self":[{"href":"https:\/\/rubi5.com\/staging\/wp-json\/wp\/v2\/product\/39212","targetHints":{"allow":["GET"]}}],"collection":[{"href":"https:\/\/rubi5.com\/staging\/wp-json\/wp\/v2\/product"}],"about":[{"href":"https:\/\/rubi5.com\/staging\/wp-json\/wp\/v2\/types\/product"}],"version-history":[{"count":3,"href":"https:\/\/rubi5.com\/staging\/wp-json\/wp\/v2\/product\/39212\/revisions"}],"predecessor-version":[{"id":62758,"href":"https:\/\/rubi5.com\/staging\/wp-json\/wp\/v2\/product\/39212\/revisions\/62758"}],"wp:featuredmedia":[{"embeddable":true,"href":"https:\/\/rubi5.com\/staging\/wp-json\/wp\/v2\/media\/38894"}],"wp:attachment":[{"href":"https:\/\/rubi5.com\/staging\/wp-json\/wp\/v2\/media?parent=39212"}],"wp:term":[{"taxonomy":"product_brand","embeddable":true,"href":"https:\/\/rubi5.com\/staging\/wp-json\/wp\/v2\/product_brand?post=39212"},{"taxonomy":"product_cat","embeddable":true,"href":"https:\/\/rubi5.com\/staging\/wp-json\/wp\/v2\/product_cat?post=39212"},{"taxonomy":"product_tag","embeddable":true,"href":"https:\/\/rubi5.com\/staging\/wp-json\/wp\/v2\/product_tag?post=39212"}],"curies":[{"name":"wp","href":"https:\/\/api.w.org\/{rel}","templated":true}]}}