{"id":39213,"date":"2023-02-21T14:06:51","date_gmt":"2023-02-21T12:06:51","guid":{"rendered":"https:\/\/rubi5.com\/?post_type=product&#038;p=39213"},"modified":"2025-02-12T15:11:30","modified_gmt":"2025-02-12T13:11:30","slug":"placa-conmemorativa-laser","status":"publish","type":"product","link":"https:\/\/rubi5.com\/staging\/placa-conmemorativa-laser\/","title":{"rendered":"Placa conmemorativa l\u00e1ser 20 x 15 cm"},"content":{"rendered":"","protected":false},"excerpt":{"rendered":"<p>Esta placa es perfecta para personalizar con un mensaje grabado a l\u00e1ser. Con un acabado elegante, en un fondo azul, con un marco de plata, enmarcado todo ello en un marco de madera con soporte en la parte trasera. La persona que reciba este obsequio podr\u00e1 colocarlo en la mesa de su despacho, o en el mueble del sal\u00f3n.<\/p>\n<p>Placa de tama\u00f1o mediano.<\/p>\n<p>MEDIDAS PLACA: 20 x 15 cm<\/p>\n<p>Tambi\u00e9n disponible en tama\u00f1o peque\u00f1o.<\/p>\n<p>Incluye un estuche con un estilo elegante, a juego con la placa, para hacer de este obsequio, un regalo de calidad.<\/p>\n<p>Estas placas conmemorativas est\u00e1n compuestas de un marco de madera, con una l\u00e1mina de aluminio en color azul, en forma de pergamino o con un dise\u00f1o m\u00e1s sencillo.<\/p>\n<p>Una placa de homenaje es un obsequio ideal para entregar como regalo de despedida a un empleado que se jubila, para recordar las bodas de plata de unos familiares, o como regalo de aniversario al CEO de la empresa.<\/p>\n<p><strong>CONSULTAR MODELOS DISPONIBLES<\/strong><\/p>\n","protected":false},"featured_media":67474,"template":"","meta":{"_acf_changed":false},"product_brand":[],"product_cat":[142,867],"product_tag":[],"class_list":{"0":"post-39213","1":"product","2":"type-product","3":"status-publish","4":"has-post-thumbnail","6":"product_cat-trofeos-y-medallas","7":"product_cat-placas-personalizadas","9":"first","10":"instock","11":"taxable","12":"shipping-taxable","13":"purchasable","14":"product-type-simple"},"acf":[],"_links":{"self":[{"href":"https:\/\/rubi5.com\/staging\/wp-json\/wp\/v2\/product\/39213","targetHints":{"allow":["GET"]}}],"collection":[{"href":"https:\/\/rubi5.com\/staging\/wp-json\/wp\/v2\/product"}],"about":[{"href":"https:\/\/rubi5.com\/staging\/wp-json\/wp\/v2\/types\/product"}],"version-history":[{"count":11,"href":"https:\/\/rubi5.com\/staging\/wp-json\/wp\/v2\/product\/39213\/revisions"}],"predecessor-version":[{"id":67446,"href":"https:\/\/rubi5.com\/staging\/wp-json\/wp\/v2\/product\/39213\/revisions\/67446"}],"wp:featuredmedia":[{"embeddable":true,"href":"https:\/\/rubi5.com\/staging\/wp-json\/wp\/v2\/media\/67474"}],"wp:attachment":[{"href":"https:\/\/rubi5.com\/staging\/wp-json\/wp\/v2\/media?parent=39213"}],"wp:term":[{"taxonomy":"product_brand","embeddable":true,"href":"https:\/\/rubi5.com\/staging\/wp-json\/wp\/v2\/product_brand?post=39213"},{"taxonomy":"product_cat","embeddable":true,"href":"https:\/\/rubi5.com\/staging\/wp-json\/wp\/v2\/product_cat?post=39213"},{"taxonomy":"product_tag","embeddable":true,"href":"https:\/\/rubi5.com\/staging\/wp-json\/wp\/v2\/product_tag?post=39213"}],"curies":[{"name":"wp","href":"https:\/\/api.w.org\/{rel}","templated":true}]}}