{"id":39592,"date":"2023-02-27T15:25:41","date_gmt":"2023-02-27T13:25:41","guid":{"rendered":"https:\/\/rubi5.com\/?post_type=product&#038;p=39592"},"modified":"2025-02-10T09:32:36","modified_gmt":"2025-02-10T07:32:36","slug":"memoria-usb-giratoria-fibra-trigo-y-metal","status":"publish","type":"product","link":"https:\/\/rubi5.com\/staging\/memoria-usb-giratoria-fibra-trigo-y-metal\/","title":{"rendered":"Memoria USB Giratoria fibra trigo y metal"},"content":{"rendered":"","protected":false},"excerpt":{"rendered":"<p>Memoria USB ecol\u00f3gica de mecanismo giratorio, con cuerpo en ca\u00f1a de trigo y clip met\u00e1lico.<\/p>\n<p>El <strong>precio incluye la personalizaci\u00f3n<\/strong>, con <strong>diferentes opciones a elegir<\/strong>, seg\u00fan tus necesidades.<\/p>\n<p>Canon digital incluido.<\/p>\n<p><em><strong>-El tiempo de entrega es de 30 d\u00edas aprox.-<\/strong><\/em><\/p>\n<p>Presentada en estuche individual de cart\u00f3n blanco.<\/p>\n<p>\u00bfNecesitas que tus memorias usb est\u00e9n antes de 30 d\u00edas?<\/p>\n<p>Consulta nuestras <a href=\"https:\/\/rubi5.com\/staging\/memorias-usb-con-logo\/\"><strong>memorias usb con logo<\/strong><\/a><\/p>\n","protected":false},"featured_media":39598,"template":"","meta":{"_acf_changed":false},"product_brand":[],"product_cat":[337,336,147],"product_tag":[],"class_list":{"0":"post-39592","1":"product","2":"type-product","3":"status-publish","4":"has-post-thumbnail","6":"product_cat-memorias-usb-ecologicas","7":"product_cat-memorias-usb-personalizadas","8":"product_cat-tecnologia","10":"first","11":"instock","12":"taxable","13":"shipping-taxable","14":"product-type-external"},"acf":[],"_links":{"self":[{"href":"https:\/\/rubi5.com\/staging\/wp-json\/wp\/v2\/product\/39592","targetHints":{"allow":["GET"]}}],"collection":[{"href":"https:\/\/rubi5.com\/staging\/wp-json\/wp\/v2\/product"}],"about":[{"href":"https:\/\/rubi5.com\/staging\/wp-json\/wp\/v2\/types\/product"}],"version-history":[{"count":3,"href":"https:\/\/rubi5.com\/staging\/wp-json\/wp\/v2\/product\/39592\/revisions"}],"predecessor-version":[{"id":63568,"href":"https:\/\/rubi5.com\/staging\/wp-json\/wp\/v2\/product\/39592\/revisions\/63568"}],"wp:featuredmedia":[{"embeddable":true,"href":"https:\/\/rubi5.com\/staging\/wp-json\/wp\/v2\/media\/39598"}],"wp:attachment":[{"href":"https:\/\/rubi5.com\/staging\/wp-json\/wp\/v2\/media?parent=39592"}],"wp:term":[{"taxonomy":"product_brand","embeddable":true,"href":"https:\/\/rubi5.com\/staging\/wp-json\/wp\/v2\/product_brand?post=39592"},{"taxonomy":"product_cat","embeddable":true,"href":"https:\/\/rubi5.com\/staging\/wp-json\/wp\/v2\/product_cat?post=39592"},{"taxonomy":"product_tag","embeddable":true,"href":"https:\/\/rubi5.com\/staging\/wp-json\/wp\/v2\/product_tag?post=39592"}],"curies":[{"name":"wp","href":"https:\/\/api.w.org\/{rel}","templated":true}]}}