{"id":39693,"date":"2023-03-01T09:53:26","date_gmt":"2023-03-01T07:53:26","guid":{"rendered":"https:\/\/rubi5.com\/?post_type=product&#038;p=39693"},"modified":"2025-02-14T09:03:32","modified_gmt":"2025-02-14T07:03:32","slug":"memoria-usb-cetrex-16gb","status":"publish","type":"product","link":"https:\/\/rubi5.com\/staging\/memoria-usb-cetrex-16gb\/","title":{"rendered":"Memoria USB Cetrex 16Gb"},"content":{"rendered":"","protected":false},"excerpt":{"rendered":"<p>Memoria USB nature de 16GB de capacidad, con mecanismo giratorio, cuerpo acabado en madera de bamb\u00fa y clip met\u00e1lico. Presentada en estuche individual de cart\u00f3n reciclado.<\/p>\n","protected":false},"featured_media":62266,"template":"","meta":{"_acf_changed":false},"product_brand":[],"product_cat":[337,336],"product_tag":[],"class_list":{"0":"post-39693","1":"product","2":"type-product","3":"status-publish","4":"has-post-thumbnail","6":"product_cat-memorias-usb-ecologicas","7":"product_cat-memorias-usb-personalizadas","9":"first","10":"instock","11":"taxable","12":"shipping-taxable","13":"product-type-external"},"acf":[],"_links":{"self":[{"href":"https:\/\/rubi5.com\/staging\/wp-json\/wp\/v2\/product\/39693","targetHints":{"allow":["GET"]}}],"collection":[{"href":"https:\/\/rubi5.com\/staging\/wp-json\/wp\/v2\/product"}],"about":[{"href":"https:\/\/rubi5.com\/staging\/wp-json\/wp\/v2\/types\/product"}],"version-history":[{"count":1,"href":"https:\/\/rubi5.com\/staging\/wp-json\/wp\/v2\/product\/39693\/revisions"}],"predecessor-version":[{"id":39753,"href":"https:\/\/rubi5.com\/staging\/wp-json\/wp\/v2\/product\/39693\/revisions\/39753"}],"wp:featuredmedia":[{"embeddable":true,"href":"https:\/\/rubi5.com\/staging\/wp-json\/wp\/v2\/media\/62266"}],"wp:attachment":[{"href":"https:\/\/rubi5.com\/staging\/wp-json\/wp\/v2\/media?parent=39693"}],"wp:term":[{"taxonomy":"product_brand","embeddable":true,"href":"https:\/\/rubi5.com\/staging\/wp-json\/wp\/v2\/product_brand?post=39693"},{"taxonomy":"product_cat","embeddable":true,"href":"https:\/\/rubi5.com\/staging\/wp-json\/wp\/v2\/product_cat?post=39693"},{"taxonomy":"product_tag","embeddable":true,"href":"https:\/\/rubi5.com\/staging\/wp-json\/wp\/v2\/product_tag?post=39693"}],"curies":[{"name":"wp","href":"https:\/\/api.w.org\/{rel}","templated":true}]}}