{"id":39695,"date":"2023-03-01T09:53:27","date_gmt":"2023-03-01T07:53:27","guid":{"rendered":"https:\/\/rubi5.com\/?post_type=product&#038;p=39695"},"modified":"2025-02-21T09:23:47","modified_gmt":"2025-02-21T07:23:47","slug":"medalla-konial","status":"publish","type":"product","link":"https:\/\/rubi5.com\/staging\/medalla-konial\/","title":{"rendered":"Medalla Konial"},"content":{"rendered":"","protected":false},"excerpt":{"rendered":"<p>Medalla met\u00e1lica de acabado dorado en relieve. Con cinta de poli\u00e9ster en rojo, mosquet\u00f3n met\u00e1lico a juego y especialmente dise\u00f1ada para marcaje en l\u00e1ser.<\/p>\n","protected":false},"featured_media":39755,"template":"","meta":{"_acf_changed":false},"product_brand":[],"product_cat":[864,142],"product_tag":[],"class_list":{"0":"post-39695","1":"product","2":"type-product","3":"status-publish","4":"has-post-thumbnail","6":"product_cat-medallas-personalizadas","7":"product_cat-trofeos-y-medallas","9":"first","10":"instock","11":"taxable","12":"shipping-taxable","13":"product-type-external"},"acf":[],"_links":{"self":[{"href":"https:\/\/rubi5.com\/staging\/wp-json\/wp\/v2\/product\/39695","targetHints":{"allow":["GET"]}}],"collection":[{"href":"https:\/\/rubi5.com\/staging\/wp-json\/wp\/v2\/product"}],"about":[{"href":"https:\/\/rubi5.com\/staging\/wp-json\/wp\/v2\/types\/product"}],"version-history":[{"count":2,"href":"https:\/\/rubi5.com\/staging\/wp-json\/wp\/v2\/product\/39695\/revisions"}],"predecessor-version":[{"id":67223,"href":"https:\/\/rubi5.com\/staging\/wp-json\/wp\/v2\/product\/39695\/revisions\/67223"}],"wp:featuredmedia":[{"embeddable":true,"href":"https:\/\/rubi5.com\/staging\/wp-json\/wp\/v2\/media\/39755"}],"wp:attachment":[{"href":"https:\/\/rubi5.com\/staging\/wp-json\/wp\/v2\/media?parent=39695"}],"wp:term":[{"taxonomy":"product_brand","embeddable":true,"href":"https:\/\/rubi5.com\/staging\/wp-json\/wp\/v2\/product_brand?post=39695"},{"taxonomy":"product_cat","embeddable":true,"href":"https:\/\/rubi5.com\/staging\/wp-json\/wp\/v2\/product_cat?post=39695"},{"taxonomy":"product_tag","embeddable":true,"href":"https:\/\/rubi5.com\/staging\/wp-json\/wp\/v2\/product_tag?post=39695"}],"curies":[{"name":"wp","href":"https:\/\/api.w.org\/{rel}","templated":true}]}}