{"id":39707,"date":"2023-03-01T09:53:49","date_gmt":"2023-03-01T07:53:49","guid":{"rendered":"https:\/\/rubi5.com\/?post_type=product&#038;p=39707"},"modified":"2025-02-21T09:23:57","modified_gmt":"2025-02-21T07:23:57","slug":"medalla-corum","status":"publish","type":"product","link":"https:\/\/rubi5.com\/staging\/medalla-corum\/","title":{"rendered":"Medalla Corum"},"content":{"rendered":"","protected":false},"excerpt":{"rendered":"<p>Medalla met\u00e1lica con cinta de poli\u00e9ster en acabado rojo y bandera espa\u00f1ola. Con cierre mosquet\u00f3n para f\u00e1cil marcaje y disponible en modelos oro, plata y bronce.<\/p>\n","protected":false},"featured_media":39776,"template":"","meta":{"_acf_changed":false},"product_brand":[],"product_cat":[864,142],"product_tag":[],"class_list":{"0":"post-39707","1":"product","2":"type-product","3":"status-publish","4":"has-post-thumbnail","6":"product_cat-medallas-personalizadas","7":"product_cat-trofeos-y-medallas","9":"first","10":"instock","11":"taxable","12":"shipping-taxable","13":"product-type-external"},"acf":[],"_links":{"self":[{"href":"https:\/\/rubi5.com\/staging\/wp-json\/wp\/v2\/product\/39707","targetHints":{"allow":["GET"]}}],"collection":[{"href":"https:\/\/rubi5.com\/staging\/wp-json\/wp\/v2\/product"}],"about":[{"href":"https:\/\/rubi5.com\/staging\/wp-json\/wp\/v2\/types\/product"}],"version-history":[{"count":1,"href":"https:\/\/rubi5.com\/staging\/wp-json\/wp\/v2\/product\/39707\/revisions"}],"predecessor-version":[{"id":39771,"href":"https:\/\/rubi5.com\/staging\/wp-json\/wp\/v2\/product\/39707\/revisions\/39771"}],"wp:featuredmedia":[{"embeddable":true,"href":"https:\/\/rubi5.com\/staging\/wp-json\/wp\/v2\/media\/39776"}],"wp:attachment":[{"href":"https:\/\/rubi5.com\/staging\/wp-json\/wp\/v2\/media?parent=39707"}],"wp:term":[{"taxonomy":"product_brand","embeddable":true,"href":"https:\/\/rubi5.com\/staging\/wp-json\/wp\/v2\/product_brand?post=39707"},{"taxonomy":"product_cat","embeddable":true,"href":"https:\/\/rubi5.com\/staging\/wp-json\/wp\/v2\/product_cat?post=39707"},{"taxonomy":"product_tag","embeddable":true,"href":"https:\/\/rubi5.com\/staging\/wp-json\/wp\/v2\/product_tag?post=39707"}],"curies":[{"name":"wp","href":"https:\/\/api.w.org\/{rel}","templated":true}]}}