{"id":41921,"date":"2023-03-27T14:14:57","date_gmt":"2023-03-27T12:14:57","guid":{"rendered":"https:\/\/rubi5.com\/?post_type=product&#038;p=41921"},"modified":"2023-09-26T09:40:59","modified_gmt":"2023-09-26T07:40:59","slug":"pins-de-fundicion","status":"publish","type":"product","link":"https:\/\/rubi5.com\/staging\/pins-de-fundicion\/","title":{"rendered":"Pins de fundici\u00f3n"},"content":{"rendered":"","protected":false},"excerpt":{"rendered":"<p>Los pins personalizados en fundici\u00f3n son ideales para aquellas empresas, asociaciones o clubes que quieran estampar su logo o una imagen representativa de su instituci\u00f3n y tengan un dise\u00f1o con mucho detalle.<\/p>\n<p>Trabajamos en su fabricaci\u00f3n mediante fundici\u00f3n, lo que permite crear un dise\u00f1o de cero, con la forma y los colores que se quieran.<\/p>\n<p>Podr\u00e1s dar un recubrimiento de oro, plata, n\u00edquel, cobre, entre otras opciones, como tambi\u00e9n estar\u00e1 a tu alcance elegir la opci\u00f3n de un acabado esmaltado, con los colores de tu logo.<\/p>\n<p>El <strong>pedido m\u00ednimo<\/strong> de pines personalizados es de <strong>500 unidades<\/strong>.<\/p>\n<p>P\u00eddenos presupuesto.<\/p>\n","protected":false},"featured_media":41909,"template":"","meta":{"_acf_changed":false},"product_brand":[],"product_cat":[142,865],"product_tag":[],"class_list":{"0":"post-41921","1":"product","2":"type-product","3":"status-publish","4":"has-post-thumbnail","6":"product_cat-trofeos-y-medallas","7":"product_cat-pins-personalizados","9":"first","10":"instock","11":"taxable","12":"shipping-taxable","13":"product-type-external"},"acf":[],"_links":{"self":[{"href":"https:\/\/rubi5.com\/staging\/wp-json\/wp\/v2\/product\/41921","targetHints":{"allow":["GET"]}}],"collection":[{"href":"https:\/\/rubi5.com\/staging\/wp-json\/wp\/v2\/product"}],"about":[{"href":"https:\/\/rubi5.com\/staging\/wp-json\/wp\/v2\/types\/product"}],"version-history":[{"count":1,"href":"https:\/\/rubi5.com\/staging\/wp-json\/wp\/v2\/product\/41921\/revisions"}],"predecessor-version":[{"id":41928,"href":"https:\/\/rubi5.com\/staging\/wp-json\/wp\/v2\/product\/41921\/revisions\/41928"}],"wp:featuredmedia":[{"embeddable":true,"href":"https:\/\/rubi5.com\/staging\/wp-json\/wp\/v2\/media\/41909"}],"wp:attachment":[{"href":"https:\/\/rubi5.com\/staging\/wp-json\/wp\/v2\/media?parent=41921"}],"wp:term":[{"taxonomy":"product_brand","embeddable":true,"href":"https:\/\/rubi5.com\/staging\/wp-json\/wp\/v2\/product_brand?post=41921"},{"taxonomy":"product_cat","embeddable":true,"href":"https:\/\/rubi5.com\/staging\/wp-json\/wp\/v2\/product_cat?post=41921"},{"taxonomy":"product_tag","embeddable":true,"href":"https:\/\/rubi5.com\/staging\/wp-json\/wp\/v2\/product_tag?post=41921"}],"curies":[{"name":"wp","href":"https:\/\/api.w.org\/{rel}","templated":true}]}}