{"id":41930,"date":"2023-03-27T14:24:43","date_gmt":"2023-03-27T12:24:43","guid":{"rendered":"https:\/\/rubi5.com\/?post_type=product&#038;p=41930"},"modified":"2025-01-09T13:43:22","modified_gmt":"2025-01-09T11:43:22","slug":"llaveros-en-fundicion","status":"publish","type":"product","link":"https:\/\/rubi5.com\/staging\/llaveros-en-fundicion\/","title":{"rendered":"Llaveros de fundici\u00f3n"},"content":{"rendered":"","protected":false},"excerpt":{"rendered":"<p>Los llaveros en fundici\u00f3n son un reclamo para todas aquellas empresas, instituciones u organismos que quieran entregar un elegante regalo corporativo diferente a los dem\u00e1s.<\/p>\n<p>Podr\u00e1s crear el llavero a tu gusto, con la forma y el tama\u00f1o que elijas, adem\u00e1s de su acabado.<\/p>\n<p>Trabajamos en su fabricaci\u00f3n mediante fundici\u00f3n, lo que permite crear un dise\u00f1o de cero, con la forma y los colores que se quieran.<\/p>\n<p>Elige entre multitud de opciones. Desde un recubrimiento elegante de oro, plata, n\u00edquel, o incluso cobre, hasta un acabado esmaltado en el que podr\u00e1s elegir los colores que quieras que tenga tu llavero.<\/p>\n<p>Totalmente \u00fanico y personalizado.<\/p>\n<p>El <strong>pedido m\u00ednimo<\/strong> de llaveros personalizados es de <strong>500 unidades<\/strong>.<\/p>\n<p>P\u00eddenos presupuesto.<\/p>\n","protected":false},"featured_media":41906,"template":"","meta":{"_acf_changed":false},"product_brand":[],"product_cat":[726,899],"product_tag":[],"class_list":{"0":"post-41930","1":"product","2":"type-product","3":"status-publish","4":"has-post-thumbnail","6":"product_cat-accesorios-y-regalos","7":"product_cat-llaveros-personalizados","9":"first","10":"instock","11":"taxable","12":"shipping-taxable","13":"product-type-external"},"acf":[],"_links":{"self":[{"href":"https:\/\/rubi5.com\/staging\/wp-json\/wp\/v2\/product\/41930","targetHints":{"allow":["GET"]}}],"collection":[{"href":"https:\/\/rubi5.com\/staging\/wp-json\/wp\/v2\/product"}],"about":[{"href":"https:\/\/rubi5.com\/staging\/wp-json\/wp\/v2\/types\/product"}],"version-history":[{"count":3,"href":"https:\/\/rubi5.com\/staging\/wp-json\/wp\/v2\/product\/41930\/revisions"}],"predecessor-version":[{"id":54753,"href":"https:\/\/rubi5.com\/staging\/wp-json\/wp\/v2\/product\/41930\/revisions\/54753"}],"wp:featuredmedia":[{"embeddable":true,"href":"https:\/\/rubi5.com\/staging\/wp-json\/wp\/v2\/media\/41906"}],"wp:attachment":[{"href":"https:\/\/rubi5.com\/staging\/wp-json\/wp\/v2\/media?parent=41930"}],"wp:term":[{"taxonomy":"product_brand","embeddable":true,"href":"https:\/\/rubi5.com\/staging\/wp-json\/wp\/v2\/product_brand?post=41930"},{"taxonomy":"product_cat","embeddable":true,"href":"https:\/\/rubi5.com\/staging\/wp-json\/wp\/v2\/product_cat?post=41930"},{"taxonomy":"product_tag","embeddable":true,"href":"https:\/\/rubi5.com\/staging\/wp-json\/wp\/v2\/product_tag?post=41930"}],"curies":[{"name":"wp","href":"https:\/\/api.w.org\/{rel}","templated":true}]}}