{"id":41932,"date":"2023-03-27T14:31:38","date_gmt":"2023-03-27T12:31:38","guid":{"rendered":"https:\/\/rubi5.com\/?post_type=product&#038;p=41932"},"modified":"2025-01-09T13:43:15","modified_gmt":"2025-01-09T11:43:15","slug":"llaveros-a-medida","status":"publish","type":"product","link":"https:\/\/rubi5.com\/staging\/llaveros-a-medida\/","title":{"rendered":"Llaveros a medida"},"content":{"rendered":"","protected":false},"excerpt":{"rendered":"<p>Crea tu llavero personalizado con la forma y el material que m\u00e1s te guste.<\/p>\n<p>Desde originales llaveros de metacrilato donde podr\u00e1s grabar tu logo o la imagen que desees, hasta llaveros de caucho, sin olvidar los elegantes llaveros met\u00e1licos, que podr\u00e1s personalizar de cero.<\/p>\n<p>Multitud de materiales ya acabados, sin un modelo determinado. El dise\u00f1o lo decides t\u00fa.<\/p>\n<p>P\u00eddenos presupuesto.<\/p>\n<p>El\u00a0<strong>pedido m\u00ednimo<\/strong>\u00a0de llaveros personalizados es de\u00a0<strong>500 unidades<\/strong>.<\/p>\n","protected":false},"featured_media":41910,"template":"","meta":{"_acf_changed":false},"product_brand":[],"product_cat":[1036,726,899],"product_tag":[],"class_list":{"0":"post-41932","1":"product","2":"type-product","3":"status-publish","4":"has-post-thumbnail","6":"product_cat-llaveros-originales","7":"product_cat-accesorios-y-regalos","8":"product_cat-llaveros-personalizados","10":"first","11":"instock","12":"taxable","13":"shipping-taxable","14":"product-type-external"},"acf":[],"_links":{"self":[{"href":"https:\/\/rubi5.com\/staging\/wp-json\/wp\/v2\/product\/41932","targetHints":{"allow":["GET"]}}],"collection":[{"href":"https:\/\/rubi5.com\/staging\/wp-json\/wp\/v2\/product"}],"about":[{"href":"https:\/\/rubi5.com\/staging\/wp-json\/wp\/v2\/types\/product"}],"version-history":[{"count":3,"href":"https:\/\/rubi5.com\/staging\/wp-json\/wp\/v2\/product\/41932\/revisions"}],"predecessor-version":[{"id":65982,"href":"https:\/\/rubi5.com\/staging\/wp-json\/wp\/v2\/product\/41932\/revisions\/65982"}],"wp:featuredmedia":[{"embeddable":true,"href":"https:\/\/rubi5.com\/staging\/wp-json\/wp\/v2\/media\/41910"}],"wp:attachment":[{"href":"https:\/\/rubi5.com\/staging\/wp-json\/wp\/v2\/media?parent=41932"}],"wp:term":[{"taxonomy":"product_brand","embeddable":true,"href":"https:\/\/rubi5.com\/staging\/wp-json\/wp\/v2\/product_brand?post=41932"},{"taxonomy":"product_cat","embeddable":true,"href":"https:\/\/rubi5.com\/staging\/wp-json\/wp\/v2\/product_cat?post=41932"},{"taxonomy":"product_tag","embeddable":true,"href":"https:\/\/rubi5.com\/staging\/wp-json\/wp\/v2\/product_tag?post=41932"}],"curies":[{"name":"wp","href":"https:\/\/api.w.org\/{rel}","templated":true}]}}