{"id":41941,"date":"2023-03-27T14:37:57","date_gmt":"2023-03-27T12:37:57","guid":{"rendered":"https:\/\/rubi5.com\/?post_type=product&#038;p=41941"},"modified":"2023-05-18T09:12:25","modified_gmt":"2023-05-18T07:12:25","slug":"medallas-de-fundicion","status":"publish","type":"product","link":"https:\/\/rubi5.com\/staging\/medallas-de-fundicion\/","title":{"rendered":"Medallas de fundici\u00f3n"},"content":{"rendered":"","protected":false},"excerpt":{"rendered":"<p>Las medallas de fundici\u00f3n son siempre un reclamo entre los organizadores de un campeonato, o evento deportivo.<\/p>\n<p>Como fabricante en fundici\u00f3n, podemos crear desde medallas 100% personalizadas, hasta pines corporativos, sin olvidar los llaveros met\u00e1licos.<\/p>\n<p>Mediante su fabricaci\u00f3n en fundici\u00f3n, podemos crear un dise\u00f1o \u00fanico, con la forma y los colores a elecci\u00f3n del cliente.<\/p>\n<p>Podr\u00e1s elegir entre multitud de opciones. Desde un acabado esmaltado en tus colores corporativos, hasta un recubrimiento m\u00e1s elegante, acabado en oro, plata, n\u00edquel o cobre.<\/p>\n<p>El <strong>pedido m\u00ednimo<\/strong> de llaveros personalizados es de <strong>500 unidades<\/strong>.<\/p>\n<p>P\u00eddenos presupuesto.<\/p>\n","protected":false},"featured_media":41908,"template":"","meta":{"_acf_changed":false},"product_brand":[],"product_cat":[142,864],"product_tag":[],"class_list":{"0":"post-41941","1":"product","2":"type-product","3":"status-publish","4":"has-post-thumbnail","6":"product_cat-trofeos-y-medallas","7":"product_cat-medallas-personalizadas","9":"first","10":"instock","11":"taxable","12":"shipping-taxable","13":"product-type-external"},"acf":[],"_links":{"self":[{"href":"https:\/\/rubi5.com\/staging\/wp-json\/wp\/v2\/product\/41941","targetHints":{"allow":["GET"]}}],"collection":[{"href":"https:\/\/rubi5.com\/staging\/wp-json\/wp\/v2\/product"}],"about":[{"href":"https:\/\/rubi5.com\/staging\/wp-json\/wp\/v2\/types\/product"}],"version-history":[{"count":1,"href":"https:\/\/rubi5.com\/staging\/wp-json\/wp\/v2\/product\/41941\/revisions"}],"predecessor-version":[{"id":41955,"href":"https:\/\/rubi5.com\/staging\/wp-json\/wp\/v2\/product\/41941\/revisions\/41955"}],"wp:featuredmedia":[{"embeddable":true,"href":"https:\/\/rubi5.com\/staging\/wp-json\/wp\/v2\/media\/41908"}],"wp:attachment":[{"href":"https:\/\/rubi5.com\/staging\/wp-json\/wp\/v2\/media?parent=41941"}],"wp:term":[{"taxonomy":"product_brand","embeddable":true,"href":"https:\/\/rubi5.com\/staging\/wp-json\/wp\/v2\/product_brand?post=41941"},{"taxonomy":"product_cat","embeddable":true,"href":"https:\/\/rubi5.com\/staging\/wp-json\/wp\/v2\/product_cat?post=41941"},{"taxonomy":"product_tag","embeddable":true,"href":"https:\/\/rubi5.com\/staging\/wp-json\/wp\/v2\/product_tag?post=41941"}],"curies":[{"name":"wp","href":"https:\/\/api.w.org\/{rel}","templated":true}]}}