{"id":41957,"date":"2023-03-28T07:42:29","date_gmt":"2023-03-28T05:42:29","guid":{"rendered":"https:\/\/rubi5.com\/?post_type=product&#038;p=41957"},"modified":"2023-05-18T09:11:06","modified_gmt":"2023-05-18T07:11:06","slug":"chapas-personalizadas","status":"publish","type":"product","link":"https:\/\/rubi5.com\/staging\/chapas-personalizadas\/","title":{"rendered":"Chapas personalizadas"},"content":{"rendered":"","protected":false},"excerpt":{"rendered":"<p>Si est\u00e1s pensando hacer unas chapas personalizadas con un mensaje que llame la atenci\u00f3n, elige el tama\u00f1o, la forma y la imagen que quieras plasmar, y nosotros lo creamos.<\/p>\n<p>Impresas en alta definici\u00f3n, para que se vea bien tu logo en cualquier evento, ya sea en una boda, una manifestaci\u00f3n, o incluso un mitin. Regala a los asistentes este original merchandising, que es un cl\u00e1sico que nunca falla.<\/p>\n<p>Estas chapas o pines son 100% personalizados. Con multitud de opciones de acabados, colores y personalizaciones. Pudiendo elegir tambi\u00e9n c\u00f3mo quieres que sea su parte trasera, si con un enganche normal con aguja, o si lo prefieres, apostar por algo m\u00e1s original como un im\u00e1n o abridor.<\/p>\n<p>El <strong>pedido m\u00ednimo<\/strong> es de <strong>500 unidades<\/strong>.<\/p>\n<p>P\u00eddenos presupuesto.<\/p>\n","protected":false},"featured_media":42006,"template":"","meta":{"_acf_changed":false},"product_brand":[],"product_cat":[142,865],"product_tag":[],"class_list":{"0":"post-41957","1":"product","2":"type-product","3":"status-publish","4":"has-post-thumbnail","6":"product_cat-trofeos-y-medallas","7":"product_cat-pins-personalizados","9":"first","10":"instock","11":"taxable","12":"shipping-taxable","13":"product-type-external"},"acf":[],"_links":{"self":[{"href":"https:\/\/rubi5.com\/staging\/wp-json\/wp\/v2\/product\/41957","targetHints":{"allow":["GET"]}}],"collection":[{"href":"https:\/\/rubi5.com\/staging\/wp-json\/wp\/v2\/product"}],"about":[{"href":"https:\/\/rubi5.com\/staging\/wp-json\/wp\/v2\/types\/product"}],"version-history":[{"count":1,"href":"https:\/\/rubi5.com\/staging\/wp-json\/wp\/v2\/product\/41957\/revisions"}],"predecessor-version":[{"id":41962,"href":"https:\/\/rubi5.com\/staging\/wp-json\/wp\/v2\/product\/41957\/revisions\/41962"}],"wp:featuredmedia":[{"embeddable":true,"href":"https:\/\/rubi5.com\/staging\/wp-json\/wp\/v2\/media\/42006"}],"wp:attachment":[{"href":"https:\/\/rubi5.com\/staging\/wp-json\/wp\/v2\/media?parent=41957"}],"wp:term":[{"taxonomy":"product_brand","embeddable":true,"href":"https:\/\/rubi5.com\/staging\/wp-json\/wp\/v2\/product_brand?post=41957"},{"taxonomy":"product_cat","embeddable":true,"href":"https:\/\/rubi5.com\/staging\/wp-json\/wp\/v2\/product_cat?post=41957"},{"taxonomy":"product_tag","embeddable":true,"href":"https:\/\/rubi5.com\/staging\/wp-json\/wp\/v2\/product_tag?post=41957"}],"curies":[{"name":"wp","href":"https:\/\/api.w.org\/{rel}","templated":true}]}}