{"id":50919,"date":"2023-04-14T10:19:09","date_gmt":"2023-04-14T08:19:09","guid":{"rendered":"https:\/\/rubi5.com\/?post_type=product&#038;p=50919"},"modified":"2026-01-22T04:35:13","modified_gmt":"2026-01-22T02:35:13","slug":"bidon-burdis-copia","status":"publish","type":"product","link":"https:\/\/rubi5.com\/staging\/bidon-burdis-copia\/","title":{"rendered":"Bid\u00f3n de cristal y bamb\u00fa Burdis"},"content":{"rendered":"","protected":false},"excerpt":{"rendered":"<p>Tarro de l\u00ednea nature de 420ml de capacidad. Fabricado con cuerpo de cristal y tap\u00f3n a rosca de bamb\u00fa, con pr\u00e1ctica asa de transporte trenzada en color natural. Presentado en caja individual de atractivo dise\u00f1o.<\/p>\n","protected":false},"featured_media":57829,"template":"","meta":{"_acf_changed":false},"product_brand":[],"product_cat":[234,233,30],"product_tag":[],"class_list":{"0":"post-50919","1":"product","2":"type-product","3":"status-publish","4":"has-post-thumbnail","6":"product_cat-botellas-reutilizables","7":"product_cat-botellas-personalizadas","8":"product_cat-tazas-y-botellas","10":"first","11":"instock","12":"taxable","13":"shipping-taxable","14":"purchasable","15":"product-type-variable"},"acf":[],"_links":{"self":[{"href":"https:\/\/rubi5.com\/staging\/wp-json\/wp\/v2\/product\/50919","targetHints":{"allow":["GET"]}}],"collection":[{"href":"https:\/\/rubi5.com\/staging\/wp-json\/wp\/v2\/product"}],"about":[{"href":"https:\/\/rubi5.com\/staging\/wp-json\/wp\/v2\/types\/product"}],"version-history":[{"count":4,"href":"https:\/\/rubi5.com\/staging\/wp-json\/wp\/v2\/product\/50919\/revisions"}],"predecessor-version":[{"id":64322,"href":"https:\/\/rubi5.com\/staging\/wp-json\/wp\/v2\/product\/50919\/revisions\/64322"}],"wp:featuredmedia":[{"embeddable":true,"href":"https:\/\/rubi5.com\/staging\/wp-json\/wp\/v2\/media\/57829"}],"wp:attachment":[{"href":"https:\/\/rubi5.com\/staging\/wp-json\/wp\/v2\/media?parent=50919"}],"wp:term":[{"taxonomy":"product_brand","embeddable":true,"href":"https:\/\/rubi5.com\/staging\/wp-json\/wp\/v2\/product_brand?post=50919"},{"taxonomy":"product_cat","embeddable":true,"href":"https:\/\/rubi5.com\/staging\/wp-json\/wp\/v2\/product_cat?post=50919"},{"taxonomy":"product_tag","embeddable":true,"href":"https:\/\/rubi5.com\/staging\/wp-json\/wp\/v2\/product_tag?post=50919"}],"curies":[{"name":"wp","href":"https:\/\/api.w.org\/{rel}","templated":true}]}}