{"id":51053,"date":"2023-04-20T10:53:09","date_gmt":"2023-04-20T08:53:09","guid":{"rendered":"https:\/\/rubi5.com\/?post_type=product&#038;p=51053"},"modified":"2023-09-18T13:43:18","modified_gmt":"2023-09-18T11:43:18","slug":"juegos-de-sabanas","status":"publish","type":"product","link":"https:\/\/rubi5.com\/staging\/juegos-de-sabanas\/","title":{"rendered":"Juegos de s\u00e1banas 100% algod\u00f3n"},"content":{"rendered":"","protected":false},"excerpt":{"rendered":"<div class=\"woocommerce-product-details__short-description\">\n<div class=\"woocommerce-product-details__short-description\">\n<p>Estos juegos de s\u00e1banas son la combinaci\u00f3n perfecta entre comodidad y calidad.<\/p>\n<p>Fabricados con algod\u00f3n 100% natural, estas s\u00e1banas no solo son suaves y c\u00f3modas, sino que tambi\u00e9n son transpirables y resistentes, proporcionando un descanso \u00f3ptimo.<\/p>\n<p>Ideales para su uso en el sector de la hosteler\u00eda como hoteles, residencias y cualquier tipo de alojamientos, garantizan una experiencia inigualable para sus hu\u00e9spedes y clientes.<\/p>\n<p>Fabricamos directamente seg\u00fan sus necesidades, ya sea de tama\u00f1o o color y realizamos cualquier dise\u00f1o posible.<\/p>\n<p><strong>(Solo para pedidos de gran volumen)<\/strong><\/p>\n<\/div>\n<\/div>\n","protected":false},"featured_media":51054,"template":"","meta":{"_acf_changed":false},"product_brand":[],"product_cat":[965,199,372],"product_tag":[],"class_list":{"0":"post-51053","1":"product","2":"type-product","3":"status-publish","4":"has-post-thumbnail","6":"product_cat-edredones-a-medida","7":"product_cat-hogar","8":"product_cat-textil-hogar","10":"first","11":"instock","12":"taxable","13":"shipping-taxable","14":"product-type-external"},"acf":[],"_links":{"self":[{"href":"https:\/\/rubi5.com\/staging\/wp-json\/wp\/v2\/product\/51053","targetHints":{"allow":["GET"]}}],"collection":[{"href":"https:\/\/rubi5.com\/staging\/wp-json\/wp\/v2\/product"}],"about":[{"href":"https:\/\/rubi5.com\/staging\/wp-json\/wp\/v2\/types\/product"}],"version-history":[{"count":5,"href":"https:\/\/rubi5.com\/staging\/wp-json\/wp\/v2\/product\/51053\/revisions"}],"predecessor-version":[{"id":51075,"href":"https:\/\/rubi5.com\/staging\/wp-json\/wp\/v2\/product\/51053\/revisions\/51075"}],"wp:featuredmedia":[{"embeddable":true,"href":"https:\/\/rubi5.com\/staging\/wp-json\/wp\/v2\/media\/51054"}],"wp:attachment":[{"href":"https:\/\/rubi5.com\/staging\/wp-json\/wp\/v2\/media?parent=51053"}],"wp:term":[{"taxonomy":"product_brand","embeddable":true,"href":"https:\/\/rubi5.com\/staging\/wp-json\/wp\/v2\/product_brand?post=51053"},{"taxonomy":"product_cat","embeddable":true,"href":"https:\/\/rubi5.com\/staging\/wp-json\/wp\/v2\/product_cat?post=51053"},{"taxonomy":"product_tag","embeddable":true,"href":"https:\/\/rubi5.com\/staging\/wp-json\/wp\/v2\/product_tag?post=51053"}],"curies":[{"name":"wp","href":"https:\/\/api.w.org\/{rel}","templated":true}]}}