{"id":51099,"date":"2023-04-21T13:05:30","date_gmt":"2023-04-21T11:05:30","guid":{"rendered":"https:\/\/rubi5.com\/?post_type=product&#038;p=51099"},"modified":"2023-09-18T12:26:18","modified_gmt":"2023-09-18T10:26:18","slug":"edredones-nordicos","status":"publish","type":"product","link":"https:\/\/rubi5.com\/staging\/edredones-nordicos\/","title":{"rendered":"Edredones n\u00f3rdicos"},"content":{"rendered":"","protected":false},"excerpt":{"rendered":"<p>Edred\u00f3n n\u00f3rdico blanco de calidad superior fabricado por las 2 caras en 100% algod\u00f3n org\u00e1nico sat\u00e9n.<\/p>\n<p>Ideales para su uso en el sector de la hosteler\u00eda como hoteles, residencias y cualquier tipo de alojamientos, garantizan una experiencia inigualable para sus hu\u00e9spedes y clientes.<\/p>\n<p>Fabricamos directamente seg\u00fan sus necesidades, ya sea de medida, gramaje, etc.<\/p>\n<p><strong>(Solo para pedidos de gran volumen)<\/strong><\/p>\n","protected":false},"featured_media":51100,"template":"","meta":{"_acf_changed":false},"product_brand":[],"product_cat":[199,965,372],"product_tag":[],"class_list":{"0":"post-51099","1":"product","2":"type-product","3":"status-publish","4":"has-post-thumbnail","6":"product_cat-hogar","7":"product_cat-edredones-a-medida","8":"product_cat-textil-hogar","10":"first","11":"instock","12":"taxable","13":"shipping-taxable","14":"product-type-external"},"acf":[],"_links":{"self":[{"href":"https:\/\/rubi5.com\/staging\/wp-json\/wp\/v2\/product\/51099","targetHints":{"allow":["GET"]}}],"collection":[{"href":"https:\/\/rubi5.com\/staging\/wp-json\/wp\/v2\/product"}],"about":[{"href":"https:\/\/rubi5.com\/staging\/wp-json\/wp\/v2\/types\/product"}],"version-history":[{"count":3,"href":"https:\/\/rubi5.com\/staging\/wp-json\/wp\/v2\/product\/51099\/revisions"}],"predecessor-version":[{"id":51160,"href":"https:\/\/rubi5.com\/staging\/wp-json\/wp\/v2\/product\/51099\/revisions\/51160"}],"wp:featuredmedia":[{"embeddable":true,"href":"https:\/\/rubi5.com\/staging\/wp-json\/wp\/v2\/media\/51100"}],"wp:attachment":[{"href":"https:\/\/rubi5.com\/staging\/wp-json\/wp\/v2\/media?parent=51099"}],"wp:term":[{"taxonomy":"product_brand","embeddable":true,"href":"https:\/\/rubi5.com\/staging\/wp-json\/wp\/v2\/product_brand?post=51099"},{"taxonomy":"product_cat","embeddable":true,"href":"https:\/\/rubi5.com\/staging\/wp-json\/wp\/v2\/product_cat?post=51099"},{"taxonomy":"product_tag","embeddable":true,"href":"https:\/\/rubi5.com\/staging\/wp-json\/wp\/v2\/product_tag?post=51099"}],"curies":[{"name":"wp","href":"https:\/\/api.w.org\/{rel}","templated":true}]}}