{"id":51334,"date":"2023-04-25T10:41:08","date_gmt":"2023-04-25T08:41:08","guid":{"rendered":"https:\/\/rubi5.com\/?post_type=product&#038;p=51334"},"modified":"2026-01-22T04:35:13","modified_gmt":"2026-01-22T02:35:13","slug":"bolso-holtrum","status":"publish","type":"product","link":"https:\/\/rubi5.com\/staging\/bolso-holtrum\/","title":{"rendered":"Bolso Holtrum"},"content":{"rendered":"","protected":false},"excerpt":{"rendered":"<p>Bolso multiusos de l\u00ednea nature en resistente 600D RPET efecto melange. Elaborado a partir de pl\u00e1stico reciclado para as\u00ed fomentar la reutilizaci\u00f3n de residuos pl\u00e1sticos y contribuir a la sostenibilidad del planeta.<\/p>\n<p>De dise\u00f1o urbano y con detalles en color negro, incluye 2 bolsillos de cremallera con tiradores met\u00e1licos e interiores forrados, reforzados en PVC. Asas de transporte reforzadas y cinta bandolera ajustable, con distintivo RPET en etiqueta exterior.<\/p>\n","protected":false},"featured_media":62447,"template":"","meta":{"_acf_changed":false},"product_brand":[],"product_cat":[726,375,950],"product_tag":[],"class_list":{"0":"post-51334","1":"product","2":"type-product","3":"status-publish","4":"has-post-thumbnail","6":"product_cat-accesorios-y-regalos","7":"product_cat-accesorios-de-viaje","8":"product_cat-maletas-personalizadas","10":"first","11":"instock","12":"taxable","13":"shipping-taxable","14":"purchasable","15":"product-type-variable"},"acf":[],"_links":{"self":[{"href":"https:\/\/rubi5.com\/staging\/wp-json\/wp\/v2\/product\/51334","targetHints":{"allow":["GET"]}}],"collection":[{"href":"https:\/\/rubi5.com\/staging\/wp-json\/wp\/v2\/product"}],"about":[{"href":"https:\/\/rubi5.com\/staging\/wp-json\/wp\/v2\/types\/product"}],"version-history":[{"count":3,"href":"https:\/\/rubi5.com\/staging\/wp-json\/wp\/v2\/product\/51334\/revisions"}],"predecessor-version":[{"id":51341,"href":"https:\/\/rubi5.com\/staging\/wp-json\/wp\/v2\/product\/51334\/revisions\/51341"}],"wp:featuredmedia":[{"embeddable":true,"href":"https:\/\/rubi5.com\/staging\/wp-json\/wp\/v2\/media\/62447"}],"wp:attachment":[{"href":"https:\/\/rubi5.com\/staging\/wp-json\/wp\/v2\/media?parent=51334"}],"wp:term":[{"taxonomy":"product_brand","embeddable":true,"href":"https:\/\/rubi5.com\/staging\/wp-json\/wp\/v2\/product_brand?post=51334"},{"taxonomy":"product_cat","embeddable":true,"href":"https:\/\/rubi5.com\/staging\/wp-json\/wp\/v2\/product_cat?post=51334"},{"taxonomy":"product_tag","embeddable":true,"href":"https:\/\/rubi5.com\/staging\/wp-json\/wp\/v2\/product_tag?post=51334"}],"curies":[{"name":"wp","href":"https:\/\/api.w.org\/{rel}","templated":true}]}}