{"id":53376,"date":"2023-05-09T08:27:39","date_gmt":"2023-05-09T06:27:39","guid":{"rendered":"https:\/\/rubi5.com\/?post_type=product&#038;p=53376"},"modified":"2026-01-22T04:35:13","modified_gmt":"2026-01-22T02:35:13","slug":"mochila-konim","status":"publish","type":"product","link":"https:\/\/rubi5.com\/staging\/mochila-konim\/","title":{"rendered":"Mochila algod\u00f3n reciclado Konim"},"content":{"rendered":"","protected":false},"excerpt":{"rendered":"<p>Mochila de cuerdas de l\u00ednea nature en material 100% algod\u00f3n reciclado de 120 g\/m2. Cuerdas autocierre en algod\u00f3n, con distintivo eco en etiqueta lateral y disponible en variada gama de colores nature. Resistencia hasta 9kg de peso.<\/p>\n<p><strong>Medidas mochila: 38 x 42 cm<\/strong><\/p>\n","protected":false},"featured_media":58542,"template":"","meta":{"_acf_changed":false},"product_brand":[],"product_cat":[21,221,220],"product_tag":[],"class_list":{"0":"post-53376","1":"product","2":"type-product","3":"status-publish","4":"has-post-thumbnail","6":"product_cat-bolsas-y-mochilas","7":"product_cat-mochilas-de-cuerdas","8":"product_cat-mochilas-personalizadas","10":"first","11":"instock","12":"taxable","13":"shipping-taxable","14":"purchasable","15":"product-type-variable"},"acf":[],"_links":{"self":[{"href":"https:\/\/rubi5.com\/staging\/wp-json\/wp\/v2\/product\/53376","targetHints":{"allow":["GET"]}}],"collection":[{"href":"https:\/\/rubi5.com\/staging\/wp-json\/wp\/v2\/product"}],"about":[{"href":"https:\/\/rubi5.com\/staging\/wp-json\/wp\/v2\/types\/product"}],"version-history":[{"count":5,"href":"https:\/\/rubi5.com\/staging\/wp-json\/wp\/v2\/product\/53376\/revisions"}],"predecessor-version":[{"id":60576,"href":"https:\/\/rubi5.com\/staging\/wp-json\/wp\/v2\/product\/53376\/revisions\/60576"}],"wp:featuredmedia":[{"embeddable":true,"href":"https:\/\/rubi5.com\/staging\/wp-json\/wp\/v2\/media\/58542"}],"wp:attachment":[{"href":"https:\/\/rubi5.com\/staging\/wp-json\/wp\/v2\/media?parent=53376"}],"wp:term":[{"taxonomy":"product_brand","embeddable":true,"href":"https:\/\/rubi5.com\/staging\/wp-json\/wp\/v2\/product_brand?post=53376"},{"taxonomy":"product_cat","embeddable":true,"href":"https:\/\/rubi5.com\/staging\/wp-json\/wp\/v2\/product_cat?post=53376"},{"taxonomy":"product_tag","embeddable":true,"href":"https:\/\/rubi5.com\/staging\/wp-json\/wp\/v2\/product_tag?post=53376"}],"curies":[{"name":"wp","href":"https:\/\/api.w.org\/{rel}","templated":true}]}}