{"id":53948,"date":"2023-05-11T10:57:55","date_gmt":"2023-05-11T08:57:55","guid":{"rendered":"https:\/\/rubi5.com\/?post_type=product&#038;p=53948"},"modified":"2024-09-05T09:57:29","modified_gmt":"2024-09-05T07:57:29","slug":"bandera-para-penas","status":"publish","type":"product","link":"https:\/\/rubi5.com\/staging\/bandera-para-penas\/","title":{"rendered":"Bandera para pe\u00f1as"},"content":{"rendered":"","protected":false},"excerpt":{"rendered":"<p>Bandera para pe\u00f1as en tejido de poli\u00e9ster. Personalizada con el logo y los colores de tu pe\u00f1a.<\/p>\n<p>Podr\u00e1s elegir uno de estos tama\u00f1os est\u00e1ndar, o hacerla del tama\u00f1o que t\u00fa quieras.<\/p>\n<p>Cons\u00faltanos precio para tu logo y el tama\u00f1o que deseas a <a href=\"mailto:marketing@rubi5.com\">marketing@rubi5.com<\/a><\/p>\n","protected":false},"featured_media":53949,"template":"","meta":{"_acf_changed":false},"product_brand":[],"product_cat":[909,388],"product_tag":[],"class_list":{"0":"post-53948","1":"product","2":"type-product","3":"status-publish","4":"has-post-thumbnail","6":"product_cat-banderas-para-penas","7":"product_cat-ropa-para-penas","9":"first","10":"instock","11":"taxable","12":"shipping-taxable","13":"purchasable","14":"product-type-variable"},"acf":[],"_links":{"self":[{"href":"https:\/\/rubi5.com\/staging\/wp-json\/wp\/v2\/product\/53948","targetHints":{"allow":["GET"]}}],"collection":[{"href":"https:\/\/rubi5.com\/staging\/wp-json\/wp\/v2\/product"}],"about":[{"href":"https:\/\/rubi5.com\/staging\/wp-json\/wp\/v2\/types\/product"}],"version-history":[{"count":10,"href":"https:\/\/rubi5.com\/staging\/wp-json\/wp\/v2\/product\/53948\/revisions"}],"predecessor-version":[{"id":64162,"href":"https:\/\/rubi5.com\/staging\/wp-json\/wp\/v2\/product\/53948\/revisions\/64162"}],"wp:featuredmedia":[{"embeddable":true,"href":"https:\/\/rubi5.com\/staging\/wp-json\/wp\/v2\/media\/53949"}],"wp:attachment":[{"href":"https:\/\/rubi5.com\/staging\/wp-json\/wp\/v2\/media?parent=53948"}],"wp:term":[{"taxonomy":"product_brand","embeddable":true,"href":"https:\/\/rubi5.com\/staging\/wp-json\/wp\/v2\/product_brand?post=53948"},{"taxonomy":"product_cat","embeddable":true,"href":"https:\/\/rubi5.com\/staging\/wp-json\/wp\/v2\/product_cat?post=53948"},{"taxonomy":"product_tag","embeddable":true,"href":"https:\/\/rubi5.com\/staging\/wp-json\/wp\/v2\/product_tag?post=53948"}],"curies":[{"name":"wp","href":"https:\/\/api.w.org\/{rel}","templated":true}]}}