{"id":54689,"date":"2023-05-17T08:49:22","date_gmt":"2023-05-17T06:49:22","guid":{"rendered":"https:\/\/rubi5.com\/?post_type=product&#038;p=54689"},"modified":"2023-05-17T11:16:02","modified_gmt":"2023-05-17T09:16:02","slug":"banderin-personalizado","status":"publish","type":"product","link":"https:\/\/rubi5.com\/staging\/banderin-personalizado\/","title":{"rendered":"Bander\u00edn personalizado"},"content":{"rendered":"","protected":false},"excerpt":{"rendered":"<p>Bander\u00edn publicitario de poli\u00e9ster para hacer m\u00e1s visible tu marca, partido, o tu equipo. De tama\u00f1o peque\u00f1o, pensado para poder ondear las banderas con la mano.<\/p>\n","protected":false},"featured_media":54688,"template":"","meta":{"_acf_changed":false},"product_brand":[],"product_cat":[720,755,54],"product_tag":[],"class_list":{"0":"post-54689","1":"product","2":"type-product","3":"status-publish","4":"has-post-thumbnail","6":"product_cat-banderas-publicitarias","7":"product_cat-banderines-personalizados","8":"product_cat-eventos","10":"first","11":"instock","12":"taxable","13":"shipping-taxable","14":"product-type-external"},"acf":[],"_links":{"self":[{"href":"https:\/\/rubi5.com\/staging\/wp-json\/wp\/v2\/product\/54689","targetHints":{"allow":["GET"]}}],"collection":[{"href":"https:\/\/rubi5.com\/staging\/wp-json\/wp\/v2\/product"}],"about":[{"href":"https:\/\/rubi5.com\/staging\/wp-json\/wp\/v2\/types\/product"}],"version-history":[{"count":2,"href":"https:\/\/rubi5.com\/staging\/wp-json\/wp\/v2\/product\/54689\/revisions"}],"predecessor-version":[{"id":54691,"href":"https:\/\/rubi5.com\/staging\/wp-json\/wp\/v2\/product\/54689\/revisions\/54691"}],"wp:featuredmedia":[{"embeddable":true,"href":"https:\/\/rubi5.com\/staging\/wp-json\/wp\/v2\/media\/54688"}],"wp:attachment":[{"href":"https:\/\/rubi5.com\/staging\/wp-json\/wp\/v2\/media?parent=54689"}],"wp:term":[{"taxonomy":"product_brand","embeddable":true,"href":"https:\/\/rubi5.com\/staging\/wp-json\/wp\/v2\/product_brand?post=54689"},{"taxonomy":"product_cat","embeddable":true,"href":"https:\/\/rubi5.com\/staging\/wp-json\/wp\/v2\/product_cat?post=54689"},{"taxonomy":"product_tag","embeddable":true,"href":"https:\/\/rubi5.com\/staging\/wp-json\/wp\/v2\/product_tag?post=54689"}],"curies":[{"name":"wp","href":"https:\/\/api.w.org\/{rel}","templated":true}]}}