{"id":54820,"date":"2023-05-19T09:49:24","date_gmt":"2023-05-19T07:49:24","guid":{"rendered":"https:\/\/rubi5.com\/?post_type=product&#038;p=54820"},"modified":"2026-01-22T04:35:13","modified_gmt":"2026-01-22T02:35:13","slug":"bidon-jenings","status":"publish","type":"product","link":"https:\/\/rubi5.com\/staging\/bidon-jenings\/","title":{"rendered":"Bid\u00f3n acero inoxidable Jenings"},"content":{"rendered":"","protected":false},"excerpt":{"rendered":"<p>Bid\u00f3n de 790 ml de capacidad, fabricado en acero inox y acabado con tacto goma, especialmente dise\u00f1ado para marcaje en l\u00e1ser. Con tap\u00f3n a rosca a juego, libre de BPA y disponible en variada gama de colores mate. Presentado en caja individual de dise\u00f1o kraft.<\/p>\n","protected":false},"featured_media":57786,"template":"","meta":{"_acf_changed":false},"product_brand":[],"product_cat":[30,233,236],"product_tag":[],"class_list":{"0":"post-54820","1":"product","2":"type-product","3":"status-publish","4":"has-post-thumbnail","6":"product_cat-tazas-y-botellas","7":"product_cat-botellas-personalizadas","8":"product_cat-termos-personalizados","10":"first","11":"instock","12":"taxable","13":"shipping-taxable","14":"purchasable","15":"product-type-variable"},"acf":[],"_links":{"self":[{"href":"https:\/\/rubi5.com\/staging\/wp-json\/wp\/v2\/product\/54820","targetHints":{"allow":["GET"]}}],"collection":[{"href":"https:\/\/rubi5.com\/staging\/wp-json\/wp\/v2\/product"}],"about":[{"href":"https:\/\/rubi5.com\/staging\/wp-json\/wp\/v2\/types\/product"}],"version-history":[{"count":6,"href":"https:\/\/rubi5.com\/staging\/wp-json\/wp\/v2\/product\/54820\/revisions"}],"predecessor-version":[{"id":70231,"href":"https:\/\/rubi5.com\/staging\/wp-json\/wp\/v2\/product\/54820\/revisions\/70231"}],"wp:featuredmedia":[{"embeddable":true,"href":"https:\/\/rubi5.com\/staging\/wp-json\/wp\/v2\/media\/57786"}],"wp:attachment":[{"href":"https:\/\/rubi5.com\/staging\/wp-json\/wp\/v2\/media?parent=54820"}],"wp:term":[{"taxonomy":"product_brand","embeddable":true,"href":"https:\/\/rubi5.com\/staging\/wp-json\/wp\/v2\/product_brand?post=54820"},{"taxonomy":"product_cat","embeddable":true,"href":"https:\/\/rubi5.com\/staging\/wp-json\/wp\/v2\/product_cat?post=54820"},{"taxonomy":"product_tag","embeddable":true,"href":"https:\/\/rubi5.com\/staging\/wp-json\/wp\/v2\/product_tag?post=54820"}],"curies":[{"name":"wp","href":"https:\/\/api.w.org\/{rel}","templated":true}]}}