{"id":54952,"date":"2023-05-25T10:10:03","date_gmt":"2023-05-25T08:10:03","guid":{"rendered":"https:\/\/rubi5.com\/?post_type=product&#038;p=54952"},"modified":"2024-10-09T08:51:51","modified_gmt":"2024-10-09T06:51:51","slug":"mochila-cierre-de-seguridad-pierre-delone","status":"publish","type":"product","link":"https:\/\/rubi5.com\/staging\/mochila-cierre-de-seguridad-pierre-delone\/","title":{"rendered":"Mochila cierre de seguridad Pierre Delone"},"content":{"rendered":"","protected":false},"excerpt":{"rendered":"<p>La <strong>mochila ARMAN de Pierre Delone<\/strong> es una opci\u00f3n elegante y segura. Con una estructura semi-r\u00edgida de alta calidad y cierre de seguridad de combinaci\u00f3n con 3 cifras, garantiza la protecci\u00f3n de tus pertenencias.<\/p>\n<p>Adem\u00e1s, Cuenta con un bolsillo trasero antirrobo acolchado para mayor comodidad en la zona lumbar, as\u00ed como acolchado en la parte trasera y los tirantes para mayor confort.<\/p>\n","protected":false},"featured_media":62848,"template":"","meta":{"_acf_changed":false},"product_brand":[],"product_cat":[21,224,220],"product_tag":[],"class_list":{"0":"post-54952","1":"product","2":"type-product","3":"status-publish","4":"has-post-thumbnail","6":"product_cat-bolsas-y-mochilas","7":"product_cat-mochilas-para-portatil","8":"product_cat-mochilas-personalizadas","9":"pa_marcas-pierre-delone","11":"first","12":"instock","13":"taxable","14":"shipping-taxable","15":"purchasable","16":"product-type-variable"},"acf":[],"_links":{"self":[{"href":"https:\/\/rubi5.com\/staging\/wp-json\/wp\/v2\/product\/54952","targetHints":{"allow":["GET"]}}],"collection":[{"href":"https:\/\/rubi5.com\/staging\/wp-json\/wp\/v2\/product"}],"about":[{"href":"https:\/\/rubi5.com\/staging\/wp-json\/wp\/v2\/types\/product"}],"version-history":[{"count":3,"href":"https:\/\/rubi5.com\/staging\/wp-json\/wp\/v2\/product\/54952\/revisions"}],"predecessor-version":[{"id":54961,"href":"https:\/\/rubi5.com\/staging\/wp-json\/wp\/v2\/product\/54952\/revisions\/54961"}],"wp:featuredmedia":[{"embeddable":true,"href":"https:\/\/rubi5.com\/staging\/wp-json\/wp\/v2\/media\/62848"}],"wp:attachment":[{"href":"https:\/\/rubi5.com\/staging\/wp-json\/wp\/v2\/media?parent=54952"}],"wp:term":[{"taxonomy":"product_brand","embeddable":true,"href":"https:\/\/rubi5.com\/staging\/wp-json\/wp\/v2\/product_brand?post=54952"},{"taxonomy":"product_cat","embeddable":true,"href":"https:\/\/rubi5.com\/staging\/wp-json\/wp\/v2\/product_cat?post=54952"},{"taxonomy":"product_tag","embeddable":true,"href":"https:\/\/rubi5.com\/staging\/wp-json\/wp\/v2\/product_tag?post=54952"}],"curies":[{"name":"wp","href":"https:\/\/api.w.org\/{rel}","templated":true}]}}