{"id":54962,"date":"2023-05-25T10:42:18","date_gmt":"2023-05-25T08:42:18","guid":{"rendered":"https:\/\/rubi5.com\/?post_type=product&#038;p=54962"},"modified":"2025-09-19T13:02:27","modified_gmt":"2025-09-19T11:02:27","slug":"boligrafo-metalico-highline-pierre-delone","status":"publish","type":"product","link":"https:\/\/rubi5.com\/staging\/boligrafo-metalico-highline-pierre-delone\/","title":{"rendered":"Bol\u00edgrafo Met\u00e1lico Highline Pierre Delone"},"content":{"rendered":"","protected":false},"excerpt":{"rendered":"<p>Tinta t\u00e9cnica de baja viscosidad, escritura ultrarr\u00e1pida, Carga jumbo. Escritura azul<\/p>\n","protected":false},"featured_media":62205,"template":"","meta":{"_acf_changed":false},"product_brand":[],"product_cat":[321,317,43],"product_tag":[],"class_list":{"0":"post-54962","1":"product","2":"type-product","3":"status-publish","4":"has-post-thumbnail","6":"product_cat-boligrafos-de-lujo","7":"product_cat-boligrafos-personalizados","8":"product_cat-escritura","9":"pa_marcas-pierre-delone","11":"first","12":"instock","13":"taxable","14":"shipping-taxable","15":"purchasable","16":"product-type-variable"},"acf":[],"_links":{"self":[{"href":"https:\/\/rubi5.com\/staging\/wp-json\/wp\/v2\/product\/54962","targetHints":{"allow":["GET"]}}],"collection":[{"href":"https:\/\/rubi5.com\/staging\/wp-json\/wp\/v2\/product"}],"about":[{"href":"https:\/\/rubi5.com\/staging\/wp-json\/wp\/v2\/types\/product"}],"version-history":[{"count":2,"href":"https:\/\/rubi5.com\/staging\/wp-json\/wp\/v2\/product\/54962\/revisions"}],"predecessor-version":[{"id":54971,"href":"https:\/\/rubi5.com\/staging\/wp-json\/wp\/v2\/product\/54962\/revisions\/54971"}],"wp:featuredmedia":[{"embeddable":true,"href":"https:\/\/rubi5.com\/staging\/wp-json\/wp\/v2\/media\/62205"}],"wp:attachment":[{"href":"https:\/\/rubi5.com\/staging\/wp-json\/wp\/v2\/media?parent=54962"}],"wp:term":[{"taxonomy":"product_brand","embeddable":true,"href":"https:\/\/rubi5.com\/staging\/wp-json\/wp\/v2\/product_brand?post=54962"},{"taxonomy":"product_cat","embeddable":true,"href":"https:\/\/rubi5.com\/staging\/wp-json\/wp\/v2\/product_cat?post=54962"},{"taxonomy":"product_tag","embeddable":true,"href":"https:\/\/rubi5.com\/staging\/wp-json\/wp\/v2\/product_tag?post=54962"}],"curies":[{"name":"wp","href":"https:\/\/api.w.org\/{rel}","templated":true}]}}