{"id":54985,"date":"2023-05-25T13:16:35","date_gmt":"2023-05-25T11:16:35","guid":{"rendered":"https:\/\/rubi5.com\/?post_type=product&#038;p=54985"},"modified":"2025-01-23T11:18:41","modified_gmt":"2025-01-23T09:18:41","slug":"trolley-pierre-delone","status":"publish","type":"product","link":"https:\/\/rubi5.com\/staging\/trolley-pierre-delone\/","title":{"rendered":"Trolley Pierre Delone"},"content":{"rendered":"","protected":false},"excerpt":{"rendered":"<p>Medida v\u00e1lida para las principales compa\u00f1ias a\u00e9reas.<\/p>\n","protected":false},"featured_media":62433,"template":"","meta":{"_acf_changed":false},"product_brand":[],"product_cat":[375,726,950],"product_tag":[],"class_list":{"0":"post-54985","1":"product","2":"type-product","3":"status-publish","4":"has-post-thumbnail","6":"product_cat-accesorios-de-viaje","7":"product_cat-accesorios-y-regalos","8":"product_cat-maletas-personalizadas","9":"pa_marcas-pierre-delone","11":"first","12":"instock","13":"taxable","14":"shipping-taxable","15":"purchasable","16":"product-type-variable"},"acf":[],"_links":{"self":[{"href":"https:\/\/rubi5.com\/staging\/wp-json\/wp\/v2\/product\/54985","targetHints":{"allow":["GET"]}}],"collection":[{"href":"https:\/\/rubi5.com\/staging\/wp-json\/wp\/v2\/product"}],"about":[{"href":"https:\/\/rubi5.com\/staging\/wp-json\/wp\/v2\/types\/product"}],"version-history":[{"count":2,"href":"https:\/\/rubi5.com\/staging\/wp-json\/wp\/v2\/product\/54985\/revisions"}],"predecessor-version":[{"id":54993,"href":"https:\/\/rubi5.com\/staging\/wp-json\/wp\/v2\/product\/54985\/revisions\/54993"}],"wp:featuredmedia":[{"embeddable":true,"href":"https:\/\/rubi5.com\/staging\/wp-json\/wp\/v2\/media\/62433"}],"wp:attachment":[{"href":"https:\/\/rubi5.com\/staging\/wp-json\/wp\/v2\/media?parent=54985"}],"wp:term":[{"taxonomy":"product_brand","embeddable":true,"href":"https:\/\/rubi5.com\/staging\/wp-json\/wp\/v2\/product_brand?post=54985"},{"taxonomy":"product_cat","embeddable":true,"href":"https:\/\/rubi5.com\/staging\/wp-json\/wp\/v2\/product_cat?post=54985"},{"taxonomy":"product_tag","embeddable":true,"href":"https:\/\/rubi5.com\/staging\/wp-json\/wp\/v2\/product_tag?post=54985"}],"curies":[{"name":"wp","href":"https:\/\/api.w.org\/{rel}","templated":true}]}}