{"id":55040,"date":"2023-05-29T10:06:00","date_gmt":"2023-05-29T08:06:00","guid":{"rendered":"https:\/\/rubi5.com\/?post_type=product&#038;p=55040"},"modified":"2026-01-22T04:35:13","modified_gmt":"2026-01-22T02:35:13","slug":"gafas-de-sol-poren","status":"publish","type":"product","link":"https:\/\/rubi5.com\/staging\/gafas-de-sol-poren\/","title":{"rendered":"Gafas de sol Poren"},"content":{"rendered":"","protected":false},"excerpt":{"rendered":"<p>Gafas de sol de l\u00ednea nature con protecci\u00f3n UV 400. Fabricadas en RPET, con montura de dise\u00f1o y lentes efecto espejo. Disponibles en varios colores, con distintivo RPET inyectado en el molde de la patilla izquierda. Presentaci\u00f3n en bolsa individual de dise\u00f1o eco.<\/p>\n","protected":false},"featured_media":62439,"template":"","meta":{"_acf_changed":false},"product_brand":[],"product_cat":[726,727],"product_tag":[],"class_list":{"0":"post-55040","1":"product","2":"type-product","3":"status-publish","4":"has-post-thumbnail","6":"product_cat-accesorios-y-regalos","7":"product_cat-gafas-de-sol-personalizadas","9":"first","10":"instock","11":"taxable","12":"shipping-taxable","13":"purchasable","14":"product-type-variable"},"acf":[],"_links":{"self":[{"href":"https:\/\/rubi5.com\/staging\/wp-json\/wp\/v2\/product\/55040","targetHints":{"allow":["GET"]}}],"collection":[{"href":"https:\/\/rubi5.com\/staging\/wp-json\/wp\/v2\/product"}],"about":[{"href":"https:\/\/rubi5.com\/staging\/wp-json\/wp\/v2\/types\/product"}],"version-history":[{"count":2,"href":"https:\/\/rubi5.com\/staging\/wp-json\/wp\/v2\/product\/55040\/revisions"}],"predecessor-version":[{"id":55051,"href":"https:\/\/rubi5.com\/staging\/wp-json\/wp\/v2\/product\/55040\/revisions\/55051"}],"wp:featuredmedia":[{"embeddable":true,"href":"https:\/\/rubi5.com\/staging\/wp-json\/wp\/v2\/media\/62439"}],"wp:attachment":[{"href":"https:\/\/rubi5.com\/staging\/wp-json\/wp\/v2\/media?parent=55040"}],"wp:term":[{"taxonomy":"product_brand","embeddable":true,"href":"https:\/\/rubi5.com\/staging\/wp-json\/wp\/v2\/product_brand?post=55040"},{"taxonomy":"product_cat","embeddable":true,"href":"https:\/\/rubi5.com\/staging\/wp-json\/wp\/v2\/product_cat?post=55040"},{"taxonomy":"product_tag","embeddable":true,"href":"https:\/\/rubi5.com\/staging\/wp-json\/wp\/v2\/product_tag?post=55040"}],"curies":[{"name":"wp","href":"https:\/\/api.w.org\/{rel}","templated":true}]}}