{"id":55052,"date":"2023-05-29T10:23:01","date_gmt":"2023-05-29T08:23:01","guid":{"rendered":"https:\/\/rubi5.com\/?post_type=product&#038;p=55052"},"modified":"2026-01-22T04:35:13","modified_gmt":"2026-01-22T02:35:13","slug":"gafas-de-sol-mirfat","status":"publish","type":"product","link":"https:\/\/rubi5.com\/staging\/gafas-de-sol-mirfat\/","title":{"rendered":"Gafas de Sol Mirfat"},"content":{"rendered":"","protected":false},"excerpt":{"rendered":"<p>Gafas de sol de l\u00ednea nature con protecci\u00f3n UV400 y lentes en color negro. Montura y patas fabricadas en ca\u00f1a de trigo con distintivo Wheat Straw, para as\u00ed fomentar la utilizaci\u00f3n de materias primas naturales y reducir las emisiones contaminantes.. Disponibles en variada gama de colores y presentadas en atractivo estuche de dise\u00f1o eco.<\/p>\n","protected":false},"featured_media":62440,"template":"","meta":{"_acf_changed":false},"product_brand":[],"product_cat":[726,727],"product_tag":[],"class_list":{"0":"post-55052","1":"product","2":"type-product","3":"status-publish","4":"has-post-thumbnail","6":"product_cat-accesorios-y-regalos","7":"product_cat-gafas-de-sol-personalizadas","9":"first","10":"instock","11":"taxable","12":"shipping-taxable","13":"purchasable","14":"product-type-variable"},"acf":[],"_links":{"self":[{"href":"https:\/\/rubi5.com\/staging\/wp-json\/wp\/v2\/product\/55052","targetHints":{"allow":["GET"]}}],"collection":[{"href":"https:\/\/rubi5.com\/staging\/wp-json\/wp\/v2\/product"}],"about":[{"href":"https:\/\/rubi5.com\/staging\/wp-json\/wp\/v2\/types\/product"}],"version-history":[{"count":2,"href":"https:\/\/rubi5.com\/staging\/wp-json\/wp\/v2\/product\/55052\/revisions"}],"predecessor-version":[{"id":55065,"href":"https:\/\/rubi5.com\/staging\/wp-json\/wp\/v2\/product\/55052\/revisions\/55065"}],"wp:featuredmedia":[{"embeddable":true,"href":"https:\/\/rubi5.com\/staging\/wp-json\/wp\/v2\/media\/62440"}],"wp:attachment":[{"href":"https:\/\/rubi5.com\/staging\/wp-json\/wp\/v2\/media?parent=55052"}],"wp:term":[{"taxonomy":"product_brand","embeddable":true,"href":"https:\/\/rubi5.com\/staging\/wp-json\/wp\/v2\/product_brand?post=55052"},{"taxonomy":"product_cat","embeddable":true,"href":"https:\/\/rubi5.com\/staging\/wp-json\/wp\/v2\/product_cat?post=55052"},{"taxonomy":"product_tag","embeddable":true,"href":"https:\/\/rubi5.com\/staging\/wp-json\/wp\/v2\/product_tag?post=55052"}],"curies":[{"name":"wp","href":"https:\/\/api.w.org\/{rel}","templated":true}]}}