{"id":55144,"date":"2023-05-31T08:45:00","date_gmt":"2023-05-31T06:45:00","guid":{"rendered":"https:\/\/rubi5.com\/?post_type=product&#038;p=55144"},"modified":"2026-01-22T04:35:13","modified_gmt":"2026-01-22T02:35:13","slug":"mochila-sanfer-fairtrade","status":"publish","type":"product","link":"https:\/\/rubi5.com\/staging\/mochila-sanfer-fairtrade\/","title":{"rendered":"Mochila de cuerdas de algod\u00f3n"},"content":{"rendered":"","protected":false},"excerpt":{"rendered":"<p>Mochila de cuerdas de l\u00ednea nature, fabricada en 100% algod\u00f3n de 180g\/m2 en tono natural. Con certificaci\u00f3n Fairtrade (Comercio Justo) un sistema comercial solidario y alternativo al convencional que persigue el desarrollo de los pueblos y la lucha contra la pobreza. De acabado cosido, cordones de algod\u00f3n y resistencia hasta 9kg de peso. Incluida etiqueta Fairtrade y hangtag distintivo en cart\u00f3n reciclado.<\/p>\n<p><strong>Medidas mochila: 38 x 42 cm<\/strong><\/p>\n","protected":false},"featured_media":58520,"template":"","meta":{"_acf_changed":false},"product_brand":[],"product_cat":[21,221,220],"product_tag":[],"class_list":{"0":"post-55144","1":"product","2":"type-product","3":"status-publish","4":"has-post-thumbnail","6":"product_cat-bolsas-y-mochilas","7":"product_cat-mochilas-de-cuerdas","8":"product_cat-mochilas-personalizadas","10":"first","11":"instock","12":"taxable","13":"shipping-taxable","14":"purchasable","15":"product-type-variable"},"acf":[],"_links":{"self":[{"href":"https:\/\/rubi5.com\/staging\/wp-json\/wp\/v2\/product\/55144","targetHints":{"allow":["GET"]}}],"collection":[{"href":"https:\/\/rubi5.com\/staging\/wp-json\/wp\/v2\/product"}],"about":[{"href":"https:\/\/rubi5.com\/staging\/wp-json\/wp\/v2\/types\/product"}],"version-history":[{"count":5,"href":"https:\/\/rubi5.com\/staging\/wp-json\/wp\/v2\/product\/55144\/revisions"}],"predecessor-version":[{"id":60482,"href":"https:\/\/rubi5.com\/staging\/wp-json\/wp\/v2\/product\/55144\/revisions\/60482"}],"wp:featuredmedia":[{"embeddable":true,"href":"https:\/\/rubi5.com\/staging\/wp-json\/wp\/v2\/media\/58520"}],"wp:attachment":[{"href":"https:\/\/rubi5.com\/staging\/wp-json\/wp\/v2\/media?parent=55144"}],"wp:term":[{"taxonomy":"product_brand","embeddable":true,"href":"https:\/\/rubi5.com\/staging\/wp-json\/wp\/v2\/product_brand?post=55144"},{"taxonomy":"product_cat","embeddable":true,"href":"https:\/\/rubi5.com\/staging\/wp-json\/wp\/v2\/product_cat?post=55144"},{"taxonomy":"product_tag","embeddable":true,"href":"https:\/\/rubi5.com\/staging\/wp-json\/wp\/v2\/product_tag?post=55144"}],"curies":[{"name":"wp","href":"https:\/\/api.w.org\/{rel}","templated":true}]}}