{"id":55817,"date":"2023-06-08T11:00:37","date_gmt":"2023-06-08T09:00:37","guid":{"rendered":"https:\/\/rubi5.com\/?post_type=product&#038;p=55817"},"modified":"2026-01-22T04:31:47","modified_gmt":"2026-01-22T02:31:47","slug":"abanico-rupaul","status":"publish","type":"product","link":"https:\/\/rubi5.com\/staging\/abanico-rupaul\/","title":{"rendered":"Abanico arcoiris Rupaul"},"content":{"rendered":"","protected":false},"excerpt":{"rendered":"<p>Abanico con bandera del arcoiris y varillas de pl\u00e1stico. Podr\u00e1s personalizar la varilla con el nombre de tu empresa, y repartir este abanico en la pr\u00f3xima fiesta o evento al aire libre. Protege del sol a la gente, a la vez que promocionas tu marca.<\/p>\n","protected":false},"featured_media":62366,"template":"","meta":{"_acf_changed":false},"product_brand":[],"product_cat":[726,914,728],"product_tag":[],"class_list":{"0":"post-55817","1":"product","2":"type-product","3":"status-publish","4":"has-post-thumbnail","6":"product_cat-accesorios-y-regalos","7":"product_cat-abanicos-originales","8":"product_cat-abanicos-personalizados","10":"first","11":"instock","12":"taxable","13":"shipping-taxable","14":"purchasable","15":"product-type-simple"},"acf":[],"_links":{"self":[{"href":"https:\/\/rubi5.com\/staging\/wp-json\/wp\/v2\/product\/55817","targetHints":{"allow":["GET"]}}],"collection":[{"href":"https:\/\/rubi5.com\/staging\/wp-json\/wp\/v2\/product"}],"about":[{"href":"https:\/\/rubi5.com\/staging\/wp-json\/wp\/v2\/types\/product"}],"version-history":[{"count":5,"href":"https:\/\/rubi5.com\/staging\/wp-json\/wp\/v2\/product\/55817\/revisions"}],"predecessor-version":[{"id":62370,"href":"https:\/\/rubi5.com\/staging\/wp-json\/wp\/v2\/product\/55817\/revisions\/62370"}],"wp:featuredmedia":[{"embeddable":true,"href":"https:\/\/rubi5.com\/staging\/wp-json\/wp\/v2\/media\/62366"}],"wp:attachment":[{"href":"https:\/\/rubi5.com\/staging\/wp-json\/wp\/v2\/media?parent=55817"}],"wp:term":[{"taxonomy":"product_brand","embeddable":true,"href":"https:\/\/rubi5.com\/staging\/wp-json\/wp\/v2\/product_brand?post=55817"},{"taxonomy":"product_cat","embeddable":true,"href":"https:\/\/rubi5.com\/staging\/wp-json\/wp\/v2\/product_cat?post=55817"},{"taxonomy":"product_tag","embeddable":true,"href":"https:\/\/rubi5.com\/staging\/wp-json\/wp\/v2\/product_tag?post=55817"}],"curies":[{"name":"wp","href":"https:\/\/api.w.org\/{rel}","templated":true}]}}