{"id":56342,"date":"2023-06-22T12:27:52","date_gmt":"2023-06-22T10:27:52","guid":{"rendered":"https:\/\/rubi5.com\/?post_type=product&#038;p=56342"},"modified":"2025-01-23T11:10:04","modified_gmt":"2025-01-23T09:10:04","slug":"lapices-con-goma-elephant","status":"publish","type":"product","link":"https:\/\/rubi5.com\/staging\/lapices-con-goma-elephant\/","title":{"rendered":"L\u00e1pices con goma Elephant (4 unidades)"},"content":{"rendered":"","protected":false},"excerpt":{"rendered":"<p>Set de l\u00e1pices con goma con un dise\u00f1o divertido y original. El l\u00e1piz incluye dos<br \/>\ngomas, una que hace las veces de base y otra en la parte superior, creando<br \/>\nla figura de un elegante con divertidos colores.<\/p>\n","protected":false},"featured_media":56344,"template":"","meta":{"_acf_changed":false},"product_brand":[],"product_cat":[43,920,324],"product_tag":[],"class_list":{"0":"post-56342","1":"product","2":"type-product","3":"status-publish","4":"has-post-thumbnail","6":"product_cat-escritura","7":"product_cat-lapiceros-originales","8":"product_cat-lapiceros-personalizados","10":"first","11":"instock","12":"taxable","13":"shipping-taxable","14":"purchasable","15":"product-type-simple"},"acf":[],"_links":{"self":[{"href":"https:\/\/rubi5.com\/staging\/wp-json\/wp\/v2\/product\/56342","targetHints":{"allow":["GET"]}}],"collection":[{"href":"https:\/\/rubi5.com\/staging\/wp-json\/wp\/v2\/product"}],"about":[{"href":"https:\/\/rubi5.com\/staging\/wp-json\/wp\/v2\/types\/product"}],"version-history":[{"count":2,"href":"https:\/\/rubi5.com\/staging\/wp-json\/wp\/v2\/product\/56342\/revisions"}],"predecessor-version":[{"id":56347,"href":"https:\/\/rubi5.com\/staging\/wp-json\/wp\/v2\/product\/56342\/revisions\/56347"}],"wp:featuredmedia":[{"embeddable":true,"href":"https:\/\/rubi5.com\/staging\/wp-json\/wp\/v2\/media\/56344"}],"wp:attachment":[{"href":"https:\/\/rubi5.com\/staging\/wp-json\/wp\/v2\/media?parent=56342"}],"wp:term":[{"taxonomy":"product_brand","embeddable":true,"href":"https:\/\/rubi5.com\/staging\/wp-json\/wp\/v2\/product_brand?post=56342"},{"taxonomy":"product_cat","embeddable":true,"href":"https:\/\/rubi5.com\/staging\/wp-json\/wp\/v2\/product_cat?post=56342"},{"taxonomy":"product_tag","embeddable":true,"href":"https:\/\/rubi5.com\/staging\/wp-json\/wp\/v2\/product_tag?post=56342"}],"curies":[{"name":"wp","href":"https:\/\/api.w.org\/{rel}","templated":true}]}}