{"id":56734,"date":"2023-07-06T13:59:16","date_gmt":"2023-07-06T11:59:16","guid":{"rendered":"https:\/\/rubi5.com\/?post_type=product&#038;p=56734"},"modified":"2026-01-20T19:13:44","modified_gmt":"2026-01-20T17:13:44","slug":"lanyard-portavasos-felin","status":"publish","type":"product","link":"https:\/\/rubi5.com\/staging\/lanyard-portavasos-felin\/","title":{"rendered":"Lanyard portavasos Felin"},"content":{"rendered":"","protected":false},"excerpt":{"rendered":"<p>Original lanyard portavasos, con cinta en algod\u00f3n y porta vasos a juego, 100% adaptable y fabricado en resistente silicona. El complemento perfecto para que los m\u00e1s festivaleros disfruten de cualquier evento sin ataduras.<\/p>\n<p>Lleva esta cinta al cuello durante las fiestas, y cuando tengas tu vaso vac\u00edo, podr\u00e1s colg\u00e1rtelo al cuello para no perderlo y volverlo a rellenar despu\u00e9s.<\/p>\n<p>Usar vasos reutilizables ya es un cl\u00e1sico en cualquier fiesta de pueblo o festival. Con cada vaso personalizado, regala un lanyard como este, y tendr\u00e1s siempre a mano tu copa, para que no se te pierda por ning\u00fan sitio. Adem\u00e1s, podr\u00e1s bailar libremente esa canci\u00f3n de tu grupo favorito. \u00a1Son todo ventajas!<\/p>\n","protected":false},"featured_media":56738,"template":"","meta":{"_acf_changed":false},"product_brand":[],"product_cat":[946,54,256],"product_tag":[],"class_list":{"0":"post-56734","1":"product","2":"type-product","3":"status-publish","4":"has-post-thumbnail","6":"product_cat-accesorios-para-eventos","7":"product_cat-eventos","8":"product_cat-lanyards-personalizados","10":"first","11":"instock","12":"taxable","13":"shipping-taxable","14":"purchasable","15":"product-type-variable"},"acf":[],"_links":{"self":[{"href":"https:\/\/rubi5.com\/staging\/wp-json\/wp\/v2\/product\/56734","targetHints":{"allow":["GET"]}}],"collection":[{"href":"https:\/\/rubi5.com\/staging\/wp-json\/wp\/v2\/product"}],"about":[{"href":"https:\/\/rubi5.com\/staging\/wp-json\/wp\/v2\/types\/product"}],"version-history":[{"count":3,"href":"https:\/\/rubi5.com\/staging\/wp-json\/wp\/v2\/product\/56734\/revisions"}],"predecessor-version":[{"id":56919,"href":"https:\/\/rubi5.com\/staging\/wp-json\/wp\/v2\/product\/56734\/revisions\/56919"}],"wp:featuredmedia":[{"embeddable":true,"href":"https:\/\/rubi5.com\/staging\/wp-json\/wp\/v2\/media\/56738"}],"wp:attachment":[{"href":"https:\/\/rubi5.com\/staging\/wp-json\/wp\/v2\/media?parent=56734"}],"wp:term":[{"taxonomy":"product_brand","embeddable":true,"href":"https:\/\/rubi5.com\/staging\/wp-json\/wp\/v2\/product_brand?post=56734"},{"taxonomy":"product_cat","embeddable":true,"href":"https:\/\/rubi5.com\/staging\/wp-json\/wp\/v2\/product_cat?post=56734"},{"taxonomy":"product_tag","embeddable":true,"href":"https:\/\/rubi5.com\/staging\/wp-json\/wp\/v2\/product_tag?post=56734"}],"curies":[{"name":"wp","href":"https:\/\/api.w.org\/{rel}","templated":true}]}}