{"id":56762,"date":"2023-07-07T12:55:48","date_gmt":"2023-07-07T10:55:48","guid":{"rendered":"https:\/\/rubi5.com\/?post_type=product&#038;p=56762"},"modified":"2026-01-20T19:13:44","modified_gmt":"2026-01-20T17:13:44","slug":"balsamo-labial-nirox","status":"publish","type":"product","link":"https:\/\/rubi5.com\/staging\/balsamo-labial-nirox\/","title":{"rendered":"B\u00e1lsamo labial Nirox"},"content":{"rendered":"","protected":false},"excerpt":{"rendered":"<p>Barra de b\u00e1lsamo labial tipo SPF15 con colores trasl\u00facidos, muy llamativos, que permitir\u00e1n que tu marca se vea, cada vez que tus clientes saquen este pr\u00e1ctico b\u00e1lsamo protector en plena luz del d\u00eda.<\/p>\n<p>Un regalo publicitario muy \u00fatil y f\u00e1cil de llevar, que ser\u00e1 ideal para grabar el nombre y logo de tu farmacia. Podr\u00e1s personalizar tu logo en el cuerpo del b\u00e1lsamo labial y entregar a tus clientes m\u00e1s fieles un detalle, con su pr\u00f3xima compra.<\/p>\n","protected":false},"featured_media":56775,"template":"","meta":{"_acf_changed":false},"product_brand":[],"product_cat":[187,922],"product_tag":[],"class_list":{"0":"post-56762","1":"product","2":"type-product","3":"status-publish","4":"has-post-thumbnail","6":"product_cat-salud-y-bienestar","7":"product_cat-balsamos-labiales","9":"first","10":"instock","11":"taxable","12":"shipping-taxable","13":"purchasable","14":"product-type-variable"},"acf":[],"_links":{"self":[{"href":"https:\/\/rubi5.com\/staging\/wp-json\/wp\/v2\/product\/56762","targetHints":{"allow":["GET"]}}],"collection":[{"href":"https:\/\/rubi5.com\/staging\/wp-json\/wp\/v2\/product"}],"about":[{"href":"https:\/\/rubi5.com\/staging\/wp-json\/wp\/v2\/types\/product"}],"version-history":[{"count":3,"href":"https:\/\/rubi5.com\/staging\/wp-json\/wp\/v2\/product\/56762\/revisions"}],"predecessor-version":[{"id":56917,"href":"https:\/\/rubi5.com\/staging\/wp-json\/wp\/v2\/product\/56762\/revisions\/56917"}],"wp:featuredmedia":[{"embeddable":true,"href":"https:\/\/rubi5.com\/staging\/wp-json\/wp\/v2\/media\/56775"}],"wp:attachment":[{"href":"https:\/\/rubi5.com\/staging\/wp-json\/wp\/v2\/media?parent=56762"}],"wp:term":[{"taxonomy":"product_brand","embeddable":true,"href":"https:\/\/rubi5.com\/staging\/wp-json\/wp\/v2\/product_brand?post=56762"},{"taxonomy":"product_cat","embeddable":true,"href":"https:\/\/rubi5.com\/staging\/wp-json\/wp\/v2\/product_cat?post=56762"},{"taxonomy":"product_tag","embeddable":true,"href":"https:\/\/rubi5.com\/staging\/wp-json\/wp\/v2\/product_tag?post=56762"}],"curies":[{"name":"wp","href":"https:\/\/api.w.org\/{rel}","templated":true}]}}