{"id":56777,"date":"2023-07-07T13:04:48","date_gmt":"2023-07-07T11:04:48","guid":{"rendered":"https:\/\/rubi5.com\/?post_type=product&#038;p=56777"},"modified":"2026-01-20T19:11:19","modified_gmt":"2026-01-20T17:11:19","slug":"balsamo-labial-fledar","status":"publish","type":"product","link":"https:\/\/rubi5.com\/staging\/balsamo-labial-fledar\/","title":{"rendered":"B\u00e1lsamo labial Fledar"},"content":{"rendered":"","protected":false},"excerpt":{"rendered":"<p>Barra de b\u00e1lsamo labial de l\u00ednea nature, fabricada en fibra de bamb\u00fa. Tipo SPF15, con aroma vainilla y disponible en colores natural y verde ecol\u00f3gico.<\/p>\n<p>Una barra de cacao para los labios, que usar\u00e1s en verano para protegerlos del sol, y en invierno, para protegerlos del fr\u00edo. Un b\u00e1sico del cuidado personal para todo el mundo, que lo convierte en un reclamo publicitario perfecto para cualquier empresa. Pero si eres una farmacia o tu marca est\u00e1 relacionada con la salud, entonces no te lo pienses m\u00e1s y apuesta por este b\u00e1lsamo labial personalizado.<\/p>\n","protected":false},"featured_media":56779,"template":"","meta":{"_acf_changed":false},"product_brand":[],"product_cat":[187,922],"product_tag":[],"class_list":{"0":"post-56777","1":"product","2":"type-product","3":"status-publish","4":"has-post-thumbnail","6":"product_cat-salud-y-bienestar","7":"product_cat-balsamos-labiales","9":"first","10":"instock","11":"taxable","12":"shipping-taxable","13":"product-type-variable"},"acf":[],"_links":{"self":[{"href":"https:\/\/rubi5.com\/staging\/wp-json\/wp\/v2\/product\/56777","targetHints":{"allow":["GET"]}}],"collection":[{"href":"https:\/\/rubi5.com\/staging\/wp-json\/wp\/v2\/product"}],"about":[{"href":"https:\/\/rubi5.com\/staging\/wp-json\/wp\/v2\/types\/product"}],"version-history":[{"count":4,"href":"https:\/\/rubi5.com\/staging\/wp-json\/wp\/v2\/product\/56777\/revisions"}],"predecessor-version":[{"id":56915,"href":"https:\/\/rubi5.com\/staging\/wp-json\/wp\/v2\/product\/56777\/revisions\/56915"}],"wp:featuredmedia":[{"embeddable":true,"href":"https:\/\/rubi5.com\/staging\/wp-json\/wp\/v2\/media\/56779"}],"wp:attachment":[{"href":"https:\/\/rubi5.com\/staging\/wp-json\/wp\/v2\/media?parent=56777"}],"wp:term":[{"taxonomy":"product_brand","embeddable":true,"href":"https:\/\/rubi5.com\/staging\/wp-json\/wp\/v2\/product_brand?post=56777"},{"taxonomy":"product_cat","embeddable":true,"href":"https:\/\/rubi5.com\/staging\/wp-json\/wp\/v2\/product_cat?post=56777"},{"taxonomy":"product_tag","embeddable":true,"href":"https:\/\/rubi5.com\/staging\/wp-json\/wp\/v2\/product_tag?post=56777"}],"curies":[{"name":"wp","href":"https:\/\/api.w.org\/{rel}","templated":true}]}}