{"id":56787,"date":"2023-07-07T13:38:09","date_gmt":"2023-07-07T11:38:09","guid":{"rendered":"https:\/\/rubi5.com\/?post_type=product&#038;p=56787"},"modified":"2026-01-20T19:13:44","modified_gmt":"2026-01-20T17:13:44","slug":"balsamo-labial-epson","status":"publish","type":"product","link":"https:\/\/rubi5.com\/staging\/balsamo-labial-epson\/","title":{"rendered":"B\u00e1lsamo Labial Epson"},"content":{"rendered":"","protected":false},"excerpt":{"rendered":"<p>Esfera de b\u00e1lsamo labial con cierre de rosca. Con aroma de vainilla. Protecci\u00f3n SPF15 y dermatol\u00f3gicamente testados. Este verano tendr\u00e1s un regalo publicitario que no podr\u00e1 faltar en tu campa\u00f1a veraniega. Ideal para todo tipo de p\u00fablico. Podr\u00e1s guardarlo en el bolso y llevarlo contigo durante todo el d\u00eda.<\/p>\n<p>Personaliza este b\u00e1lsamo labial que est\u00e1 de moda este verano, y que podr\u00e1s grabar en el color que m\u00e1s te guste. Con un estilo de colores brillantes en dorado, plateado u oro rosa.<\/p>\n","protected":false},"featured_media":62065,"template":"","meta":{"_acf_changed":false},"product_brand":[],"product_cat":[187,922],"product_tag":[],"class_list":{"0":"post-56787","1":"product","2":"type-product","3":"status-publish","4":"has-post-thumbnail","6":"product_cat-salud-y-bienestar","7":"product_cat-balsamos-labiales","9":"first","10":"instock","11":"taxable","12":"shipping-taxable","13":"purchasable","14":"product-type-variable"},"acf":[],"_links":{"self":[{"href":"https:\/\/rubi5.com\/staging\/wp-json\/wp\/v2\/product\/56787","targetHints":{"allow":["GET"]}}],"collection":[{"href":"https:\/\/rubi5.com\/staging\/wp-json\/wp\/v2\/product"}],"about":[{"href":"https:\/\/rubi5.com\/staging\/wp-json\/wp\/v2\/types\/product"}],"version-history":[{"count":2,"href":"https:\/\/rubi5.com\/staging\/wp-json\/wp\/v2\/product\/56787\/revisions"}],"predecessor-version":[{"id":56913,"href":"https:\/\/rubi5.com\/staging\/wp-json\/wp\/v2\/product\/56787\/revisions\/56913"}],"wp:featuredmedia":[{"embeddable":true,"href":"https:\/\/rubi5.com\/staging\/wp-json\/wp\/v2\/media\/62065"}],"wp:attachment":[{"href":"https:\/\/rubi5.com\/staging\/wp-json\/wp\/v2\/media?parent=56787"}],"wp:term":[{"taxonomy":"product_brand","embeddable":true,"href":"https:\/\/rubi5.com\/staging\/wp-json\/wp\/v2\/product_brand?post=56787"},{"taxonomy":"product_cat","embeddable":true,"href":"https:\/\/rubi5.com\/staging\/wp-json\/wp\/v2\/product_cat?post=56787"},{"taxonomy":"product_tag","embeddable":true,"href":"https:\/\/rubi5.com\/staging\/wp-json\/wp\/v2\/product_tag?post=56787"}],"curies":[{"name":"wp","href":"https:\/\/api.w.org\/{rel}","templated":true}]}}