{"id":57042,"date":"2023-07-18T11:15:06","date_gmt":"2023-07-18T09:15:06","guid":{"rendered":"https:\/\/rubi5.com\/?post_type=product&#038;p=57042"},"modified":"2026-01-20T19:13:44","modified_gmt":"2026-01-20T17:13:44","slug":"bolsa-cekon","status":"publish","type":"product","link":"https:\/\/rubi5.com\/staging\/bolsa-cekon\/","title":{"rendered":"Bolsa yute Cekon"},"content":{"rendered":"","protected":false},"excerpt":{"rendered":"<p>Bolsa de yute con bolsillo frontal de algod\u00f3n. Con asas de algod\u00f3n cortas en color blanco y reforzadas. Una bolsa personalizada, resistente y con fuelle, que permite un mayor espacio para guardar lo que quieras. Aguanta hasta 10kg de peso, con lo que podr\u00e1s guardar todos los complementos que necesites para la piscina o la playa.<\/p>\n<p>La bolsa publicitaria es una de las mejores opciones para grandes vol\u00famenes, gracias a su precio econ\u00f3mico. Tendr\u00e1s un regalo promocional barato y muy pr\u00e1ctico para regalar a tus clientes o a los que a\u00fan no lo son, pero a los que quieres llegar y darte a conocer.<\/p>\n<p><strong>Medidas: 44.5 x 34 x 15 cm\u00a0<\/strong><\/p>\n","protected":false},"featured_media":70148,"template":"","meta":{"_acf_changed":false},"product_brand":[],"product_cat":[196,971,21],"product_tag":[],"class_list":{"0":"post-57042","1":"product","2":"type-product","3":"status-publish","4":"has-post-thumbnail","6":"product_cat-bolsas-personalizadas","7":"product_cat-bolsas-de-yute","8":"product_cat-bolsas-y-mochilas","10":"first","11":"instock","12":"taxable","13":"shipping-taxable","14":"purchasable","15":"product-type-variable"},"acf":[],"_links":{"self":[{"href":"https:\/\/rubi5.com\/staging\/wp-json\/wp\/v2\/product\/57042","targetHints":{"allow":["GET"]}}],"collection":[{"href":"https:\/\/rubi5.com\/staging\/wp-json\/wp\/v2\/product"}],"about":[{"href":"https:\/\/rubi5.com\/staging\/wp-json\/wp\/v2\/types\/product"}],"version-history":[{"count":6,"href":"https:\/\/rubi5.com\/staging\/wp-json\/wp\/v2\/product\/57042\/revisions"}],"predecessor-version":[{"id":61339,"href":"https:\/\/rubi5.com\/staging\/wp-json\/wp\/v2\/product\/57042\/revisions\/61339"}],"wp:featuredmedia":[{"embeddable":true,"href":"https:\/\/rubi5.com\/staging\/wp-json\/wp\/v2\/media\/70148"}],"wp:attachment":[{"href":"https:\/\/rubi5.com\/staging\/wp-json\/wp\/v2\/media?parent=57042"}],"wp:term":[{"taxonomy":"product_brand","embeddable":true,"href":"https:\/\/rubi5.com\/staging\/wp-json\/wp\/v2\/product_brand?post=57042"},{"taxonomy":"product_cat","embeddable":true,"href":"https:\/\/rubi5.com\/staging\/wp-json\/wp\/v2\/product_cat?post=57042"},{"taxonomy":"product_tag","embeddable":true,"href":"https:\/\/rubi5.com\/staging\/wp-json\/wp\/v2\/product_tag?post=57042"}],"curies":[{"name":"wp","href":"https:\/\/api.w.org\/{rel}","templated":true}]}}