{"id":57082,"date":"2023-07-19T11:05:00","date_gmt":"2023-07-19T09:05:00","guid":{"rendered":"https:\/\/rubi5.com\/?post_type=product&#038;p=57082"},"modified":"2026-01-20T19:13:44","modified_gmt":"2026-01-20T17:13:44","slug":"bolsa-kaiso","status":"publish","type":"product","link":"https:\/\/rubi5.com\/staging\/bolsa-kaiso\/","title":{"rendered":"Bolsa de la compra reutilizable Kaiso"},"content":{"rendered":"","protected":false},"excerpt":{"rendered":"<p>Bolsa de l\u00ednea nature en material RPET, elaborado a partir de pl\u00e1stico reciclado, para as\u00ed fomentar la reutilizaci\u00f3n de residuos pl\u00e1sticos y ayudar a la sostenibilidad del planeta. En material laminado de 105 g\/m2 de acabado mate, con asas medianas y costuras y base reforzadas. Resistencia hasta 5 kg de peso. Disponible en variada gama de colores, con etiqueta distintivo RPET.<\/p>\n<p><strong>Medidas: 42 x 35 x 15 cm\u00a0<\/strong><\/p>\n","protected":false},"featured_media":62834,"template":"","meta":{"_acf_changed":false},"product_brand":[],"product_cat":[925,196,21],"product_tag":[],"class_list":{"0":"post-57082","1":"product","2":"type-product","3":"status-publish","4":"has-post-thumbnail","6":"product_cat-bolsas-de-rafia","7":"product_cat-bolsas-personalizadas","8":"product_cat-bolsas-y-mochilas","10":"first","11":"instock","12":"taxable","13":"shipping-taxable","14":"purchasable","15":"product-type-variable"},"acf":[],"_links":{"self":[{"href":"https:\/\/rubi5.com\/staging\/wp-json\/wp\/v2\/product\/57082","targetHints":{"allow":["GET"]}}],"collection":[{"href":"https:\/\/rubi5.com\/staging\/wp-json\/wp\/v2\/product"}],"about":[{"href":"https:\/\/rubi5.com\/staging\/wp-json\/wp\/v2\/types\/product"}],"version-history":[{"count":6,"href":"https:\/\/rubi5.com\/staging\/wp-json\/wp\/v2\/product\/57082\/revisions"}],"predecessor-version":[{"id":61194,"href":"https:\/\/rubi5.com\/staging\/wp-json\/wp\/v2\/product\/57082\/revisions\/61194"}],"wp:featuredmedia":[{"embeddable":true,"href":"https:\/\/rubi5.com\/staging\/wp-json\/wp\/v2\/media\/62834"}],"wp:attachment":[{"href":"https:\/\/rubi5.com\/staging\/wp-json\/wp\/v2\/media?parent=57082"}],"wp:term":[{"taxonomy":"product_brand","embeddable":true,"href":"https:\/\/rubi5.com\/staging\/wp-json\/wp\/v2\/product_brand?post=57082"},{"taxonomy":"product_cat","embeddable":true,"href":"https:\/\/rubi5.com\/staging\/wp-json\/wp\/v2\/product_cat?post=57082"},{"taxonomy":"product_tag","embeddable":true,"href":"https:\/\/rubi5.com\/staging\/wp-json\/wp\/v2\/product_tag?post=57082"}],"curies":[{"name":"wp","href":"https:\/\/api.w.org\/{rel}","templated":true}]}}