{"id":57208,"date":"2023-07-26T09:17:31","date_gmt":"2023-07-26T07:17:31","guid":{"rendered":"https:\/\/rubi5.com\/?post_type=product&#038;p=57208"},"modified":"2026-01-20T19:13:44","modified_gmt":"2026-01-20T17:13:44","slug":"cargador-inalambrico-golop","status":"publish","type":"product","link":"https:\/\/rubi5.com\/staging\/cargador-inalambrico-golop\/","title":{"rendered":"Cargador inal\u00e1mbrico Golop"},"content":{"rendered":"","protected":false},"excerpt":{"rendered":"<p>Cargador inal\u00e1mbrico 15W de dise\u00f1o circular. Compatible con dispositivos equipados con tecnolog\u00eda de carga inal\u00e1mbrica Qi. Base antideslizante. Con cable cargador Tipo C incluido.<\/p>\n<p>Presentado en caja individual.<\/p>\n<p>Fabricado conforme a los est\u00e1ndares RoHS y en cumplimiento con los siguientes requisitos de seguridad:<br \/>\nSistema de protecci\u00f3n contra sobrecalentamiento.<br \/>\nSistema de protecci\u00f3n contra sobrecarga.<br \/>\nSistema de bloqueo para evitar cortocircuitos.<\/p>\n","protected":false},"featured_media":62262,"template":"","meta":{"_acf_changed":false},"product_brand":[],"product_cat":[328,954,147],"product_tag":[],"class_list":{"0":"post-57208","1":"product","2":"type-product","3":"status-publish","4":"has-post-thumbnail","6":"product_cat-cargadores-personalizados","7":"product_cat-cargadores-inalambricos","8":"product_cat-tecnologia","10":"first","11":"instock","12":"taxable","13":"shipping-taxable","14":"purchasable","15":"product-type-variable"},"acf":[],"_links":{"self":[{"href":"https:\/\/rubi5.com\/staging\/wp-json\/wp\/v2\/product\/57208","targetHints":{"allow":["GET"]}}],"collection":[{"href":"https:\/\/rubi5.com\/staging\/wp-json\/wp\/v2\/product"}],"about":[{"href":"https:\/\/rubi5.com\/staging\/wp-json\/wp\/v2\/types\/product"}],"version-history":[{"count":2,"href":"https:\/\/rubi5.com\/staging\/wp-json\/wp\/v2\/product\/57208\/revisions"}],"predecessor-version":[{"id":57220,"href":"https:\/\/rubi5.com\/staging\/wp-json\/wp\/v2\/product\/57208\/revisions\/57220"}],"wp:featuredmedia":[{"embeddable":true,"href":"https:\/\/rubi5.com\/staging\/wp-json\/wp\/v2\/media\/62262"}],"wp:attachment":[{"href":"https:\/\/rubi5.com\/staging\/wp-json\/wp\/v2\/media?parent=57208"}],"wp:term":[{"taxonomy":"product_brand","embeddable":true,"href":"https:\/\/rubi5.com\/staging\/wp-json\/wp\/v2\/product_brand?post=57208"},{"taxonomy":"product_cat","embeddable":true,"href":"https:\/\/rubi5.com\/staging\/wp-json\/wp\/v2\/product_cat?post=57208"},{"taxonomy":"product_tag","embeddable":true,"href":"https:\/\/rubi5.com\/staging\/wp-json\/wp\/v2\/product_tag?post=57208"}],"curies":[{"name":"wp","href":"https:\/\/api.w.org\/{rel}","templated":true}]}}