{"id":57353,"date":"2023-08-04T09:00:51","date_gmt":"2023-08-04T07:00:51","guid":{"rendered":"https:\/\/rubi5.com\/?post_type=product&#038;p=57353"},"modified":"2025-11-02T09:57:36","modified_gmt":"2025-11-02T07:57:36","slug":"pay-pay-plegable-brissa-2","status":"publish","type":"product","link":"https:\/\/rubi5.com\/staging\/pay-pay-plegable-brissa-2\/","title":{"rendered":"Pay pay Plegable Brissa"},"content":{"rendered":"","protected":false},"excerpt":{"rendered":"<p>Pay pay plegable en poli\u00e9ster, de un tama\u00f1o peque\u00f1o, perfecto para llevar guardado en el bolso o en la mochila, y sacar en momento de calor. Disponible en diferentes colores.<\/p>\n","protected":false},"featured_media":62625,"template":"","meta":{"_acf_changed":false},"product_brand":[],"product_cat":[726,728,913],"product_tag":[],"class_list":{"0":"post-57353","1":"product","2":"type-product","3":"status-publish","4":"has-post-thumbnail","6":"product_cat-accesorios-y-regalos","7":"product_cat-abanicos-personalizados","8":"product_cat-pai-pai-personalizados","10":"first","11":"instock","12":"taxable","13":"shipping-taxable","14":"purchasable","15":"product-type-variable"},"acf":[],"_links":{"self":[{"href":"https:\/\/rubi5.com\/staging\/wp-json\/wp\/v2\/product\/57353","targetHints":{"allow":["GET"]}}],"collection":[{"href":"https:\/\/rubi5.com\/staging\/wp-json\/wp\/v2\/product"}],"about":[{"href":"https:\/\/rubi5.com\/staging\/wp-json\/wp\/v2\/types\/product"}],"version-history":[{"count":3,"href":"https:\/\/rubi5.com\/staging\/wp-json\/wp\/v2\/product\/57353\/revisions"}],"predecessor-version":[{"id":57494,"href":"https:\/\/rubi5.com\/staging\/wp-json\/wp\/v2\/product\/57353\/revisions\/57494"}],"wp:featuredmedia":[{"embeddable":true,"href":"https:\/\/rubi5.com\/staging\/wp-json\/wp\/v2\/media\/62625"}],"wp:attachment":[{"href":"https:\/\/rubi5.com\/staging\/wp-json\/wp\/v2\/media?parent=57353"}],"wp:term":[{"taxonomy":"product_brand","embeddable":true,"href":"https:\/\/rubi5.com\/staging\/wp-json\/wp\/v2\/product_brand?post=57353"},{"taxonomy":"product_cat","embeddable":true,"href":"https:\/\/rubi5.com\/staging\/wp-json\/wp\/v2\/product_cat?post=57353"},{"taxonomy":"product_tag","embeddable":true,"href":"https:\/\/rubi5.com\/staging\/wp-json\/wp\/v2\/product_tag?post=57353"}],"curies":[{"name":"wp","href":"https:\/\/api.w.org\/{rel}","templated":true}]}}