{"id":57577,"date":"2023-08-29T08:17:40","date_gmt":"2023-08-29T06:17:40","guid":{"rendered":"https:\/\/rubi5.com\/?post_type=product&#038;p=57577"},"modified":"2024-10-15T09:06:19","modified_gmt":"2024-10-15T07:06:19","slug":"lanyard-de-papel-con-semillas","status":"publish","type":"product","link":"https:\/\/rubi5.com\/staging\/lanyard-de-papel-con-semillas\/","title":{"rendered":"Lanyard de papel con semillas"},"content":{"rendered":"","protected":false},"excerpt":{"rendered":"<p>Fabricado en Europa &#8211; Los lanyards hechos de papel de semillas con una mezcla de semillas de flores silvestres aportan una nueva utilidad a este producto que, de otro modo, suele ser de un solo uso. El art\u00edculo ecol\u00f3gico ideal para su evento, exposici\u00f3n o festival.<\/p>\n<p>Despu\u00e9s de su uso, s\u00f3lo tienes que plantar la cinta de papel con semillas en el suelo y poco despu\u00e9s florecer\u00e1 una mezcla de flores silvestres.<\/p>\n<p>Tu dise\u00f1o a todo color puede imprimirse en una cara (a 2 mm de cada borde). Los costes de impresi\u00f3n son m\u00e1s bajos para los dise\u00f1os que cubren menos del 50% de la superficie.<\/p>\n<p>Detalles del producto: Papel de 80 g\/m\u00b2. Dimensiones: aprox. 900&#215;20 mm. Los detalles de los ingredientes est\u00e1n impresos en el envase de cart\u00f3n.<\/p>\n","protected":false},"featured_media":57582,"template":"","meta":{"_acf_changed":false},"product_brand":[],"product_cat":[946,54,256,980,963],"product_tag":[],"class_list":{"0":"post-57577","1":"product","2":"type-product","3":"status-publish","4":"has-post-thumbnail","6":"product_cat-accesorios-para-eventos","7":"product_cat-eventos","8":"product_cat-lanyards-personalizados","9":"product_cat-mas-regalos","10":"product_cat-regalos-con-semillas","12":"first","13":"instock","14":"taxable","15":"shipping-taxable","16":"product-type-external"},"acf":[],"_links":{"self":[{"href":"https:\/\/rubi5.com\/staging\/wp-json\/wp\/v2\/product\/57577","targetHints":{"allow":["GET"]}}],"collection":[{"href":"https:\/\/rubi5.com\/staging\/wp-json\/wp\/v2\/product"}],"about":[{"href":"https:\/\/rubi5.com\/staging\/wp-json\/wp\/v2\/types\/product"}],"version-history":[{"count":3,"href":"https:\/\/rubi5.com\/staging\/wp-json\/wp\/v2\/product\/57577\/revisions"}],"predecessor-version":[{"id":57594,"href":"https:\/\/rubi5.com\/staging\/wp-json\/wp\/v2\/product\/57577\/revisions\/57594"}],"wp:featuredmedia":[{"embeddable":true,"href":"https:\/\/rubi5.com\/staging\/wp-json\/wp\/v2\/media\/57582"}],"wp:attachment":[{"href":"https:\/\/rubi5.com\/staging\/wp-json\/wp\/v2\/media?parent=57577"}],"wp:term":[{"taxonomy":"product_brand","embeddable":true,"href":"https:\/\/rubi5.com\/staging\/wp-json\/wp\/v2\/product_brand?post=57577"},{"taxonomy":"product_cat","embeddable":true,"href":"https:\/\/rubi5.com\/staging\/wp-json\/wp\/v2\/product_cat?post=57577"},{"taxonomy":"product_tag","embeddable":true,"href":"https:\/\/rubi5.com\/staging\/wp-json\/wp\/v2\/product_tag?post=57577"}],"curies":[{"name":"wp","href":"https:\/\/api.w.org\/{rel}","templated":true}]}}