{"id":57604,"date":"2023-08-29T08:16:51","date_gmt":"2023-08-29T06:16:51","guid":{"rendered":"https:\/\/rubi5.com\/?post_type=product&#038;p=57604"},"modified":"2024-10-15T09:25:57","modified_gmt":"2024-10-15T07:25:57","slug":"pulsera-de-papel-de-semillas","status":"publish","type":"product","link":"https:\/\/rubi5.com\/staging\/pulsera-de-papel-de-semillas\/","title":{"rendered":"Pulsera de papel de semillas"},"content":{"rendered":"","protected":false},"excerpt":{"rendered":"<p>Pulsera de papel de semillas con tira adhesiva, ideal para eventos y festivales. El papel tiene de gramaje 80 g\/m\u00b2 y un tama\u00f1o de aproximadamente 240&#215;20 mm.<\/p>\n<p>Una original pulsera adhesiva de papel, de usar y tirar, que podr\u00e1s quit\u00e1rtela despu\u00e9s del evento o festival, pero no la tires. Planta la pulsera en la tierra, y ver\u00e1s c\u00f3mo crece una flor silvestre. A\u00f1adir\u00e1s un nuevo prop\u00f3sito a este tipo de art\u00edculo que antes ten\u00eda un \u00fanico uso.<\/p>\n<p><strong>Se puede marcar con un dise\u00f1o a todo color a 1 cara (de borde a borde).<\/strong><\/p>\n<p>Las pulseras vienen en papeles de 10 en 10 para separar, por lo que solo pueden encargarse m\u00faltiplos de 10.<\/p>\n<p>&nbsp;<\/p>\n","protected":false},"featured_media":57607,"template":"","meta":{"_acf_changed":false},"product_brand":[],"product_cat":[54,980,1005,734,963],"product_tag":[],"class_list":{"0":"post-57604","1":"product","2":"type-product","3":"status-publish","4":"has-post-thumbnail","6":"product_cat-eventos","7":"product_cat-mas-regalos","8":"product_cat-pulseras-de-papel","9":"product_cat-pulseras-personalizadas","10":"product_cat-regalos-con-semillas","12":"first","13":"instock","14":"taxable","15":"shipping-taxable","16":"product-type-external"},"acf":[],"_links":{"self":[{"href":"https:\/\/rubi5.com\/staging\/wp-json\/wp\/v2\/product\/57604","targetHints":{"allow":["GET"]}}],"collection":[{"href":"https:\/\/rubi5.com\/staging\/wp-json\/wp\/v2\/product"}],"about":[{"href":"https:\/\/rubi5.com\/staging\/wp-json\/wp\/v2\/types\/product"}],"version-history":[{"count":4,"href":"https:\/\/rubi5.com\/staging\/wp-json\/wp\/v2\/product\/57604\/revisions"}],"predecessor-version":[{"id":57611,"href":"https:\/\/rubi5.com\/staging\/wp-json\/wp\/v2\/product\/57604\/revisions\/57611"}],"wp:featuredmedia":[{"embeddable":true,"href":"https:\/\/rubi5.com\/staging\/wp-json\/wp\/v2\/media\/57607"}],"wp:attachment":[{"href":"https:\/\/rubi5.com\/staging\/wp-json\/wp\/v2\/media?parent=57604"}],"wp:term":[{"taxonomy":"product_brand","embeddable":true,"href":"https:\/\/rubi5.com\/staging\/wp-json\/wp\/v2\/product_brand?post=57604"},{"taxonomy":"product_cat","embeddable":true,"href":"https:\/\/rubi5.com\/staging\/wp-json\/wp\/v2\/product_cat?post=57604"},{"taxonomy":"product_tag","embeddable":true,"href":"https:\/\/rubi5.com\/staging\/wp-json\/wp\/v2\/product_tag?post=57604"}],"curies":[{"name":"wp","href":"https:\/\/api.w.org\/{rel}","templated":true}]}}