{"id":57620,"date":"2023-08-28T14:13:35","date_gmt":"2023-08-28T12:13:35","guid":{"rendered":"https:\/\/rubi5.com\/?post_type=product&#038;p=57620"},"modified":"2024-01-08T10:57:46","modified_gmt":"2024-01-08T08:57:46","slug":"bolsa-de-confeti-de-papel-de-semillas","status":"publish","type":"product","link":"https:\/\/rubi5.com\/staging\/bolsa-de-confeti-de-papel-de-semillas\/","title":{"rendered":"Bolsa de confeti de papel de semillas"},"content":{"rendered":"","protected":false},"excerpt":{"rendered":"<p>Esta bolsa de confeti de papel de semillas es ideal para celebraciones al aire libre. Incluye confeti de papel de semillas de colores en forma de c\u00edrculos, corazones y flores.<\/p>\n<p>Deja el confeti en la tierra y crecer\u00e1 una mezcla de flores silvestres. Convierte tu jard\u00edn en un espect\u00e1culo de colores.<\/p>\n<p>El confeti se reparte en una bolsa de papel con un cartoncillo en la parte superior, pensado para personalizar con la publicidad o el mensaje que quieras destacar ese d\u00eda.<\/p>\n<p>Detalles del producto: Papel de 80 g\/m\u00b2. Dimensiones de la bolsa: 7 x 2 x 10 cm.<\/p>\n","protected":false},"featured_media":57621,"template":"","meta":{"_acf_changed":false},"product_brand":[],"product_cat":[980,963],"product_tag":[],"class_list":{"0":"post-57620","1":"product","2":"type-product","3":"status-publish","4":"has-post-thumbnail","6":"product_cat-mas-regalos","7":"product_cat-regalos-con-semillas","9":"first","10":"instock","11":"taxable","12":"shipping-taxable","13":"product-type-external"},"acf":[],"_links":{"self":[{"href":"https:\/\/rubi5.com\/staging\/wp-json\/wp\/v2\/product\/57620","targetHints":{"allow":["GET"]}}],"collection":[{"href":"https:\/\/rubi5.com\/staging\/wp-json\/wp\/v2\/product"}],"about":[{"href":"https:\/\/rubi5.com\/staging\/wp-json\/wp\/v2\/types\/product"}],"version-history":[{"count":1,"href":"https:\/\/rubi5.com\/staging\/wp-json\/wp\/v2\/product\/57620\/revisions"}],"predecessor-version":[{"id":57622,"href":"https:\/\/rubi5.com\/staging\/wp-json\/wp\/v2\/product\/57620\/revisions\/57622"}],"wp:featuredmedia":[{"embeddable":true,"href":"https:\/\/rubi5.com\/staging\/wp-json\/wp\/v2\/media\/57621"}],"wp:attachment":[{"href":"https:\/\/rubi5.com\/staging\/wp-json\/wp\/v2\/media?parent=57620"}],"wp:term":[{"taxonomy":"product_brand","embeddable":true,"href":"https:\/\/rubi5.com\/staging\/wp-json\/wp\/v2\/product_brand?post=57620"},{"taxonomy":"product_cat","embeddable":true,"href":"https:\/\/rubi5.com\/staging\/wp-json\/wp\/v2\/product_cat?post=57620"},{"taxonomy":"product_tag","embeddable":true,"href":"https:\/\/rubi5.com\/staging\/wp-json\/wp\/v2\/product_tag?post=57620"}],"curies":[{"name":"wp","href":"https:\/\/api.w.org\/{rel}","templated":true}]}}